{"id":5264,"date":"2020-09-17T17:42:59","date_gmt":"2020-09-17T20:42:59","guid":{"rendered":"http:\/\/smaherramientas.com.ar\/sma\/?post_type=product&#038;p=5264"},"modified":"2020-09-17T17:42:59","modified_gmt":"2020-09-17T20:42:59","slug":"cortadora-de-cesped-toro-20332","status":"publish","type":"product","link":"http:\/\/smaherramientas.com.ar\/sma\/producto\/cortadora-de-cesped-toro-20332\/","title":{"rendered":"Cortadora de c\u00e9sped TORO 20332"},"content":{"rendered":"<p><strong>Motor:<\/strong> 4T &#8211; Toro OHV GTA B&amp;S Ready Start &#8211; 163cc &#8211; 6,5HP<br \/>\n<strong>Ancho de corte:<\/strong> 22 (pulg.)<br \/>\n<strong>Altura de corte:<\/strong> 32 mm a 108 mm &#8211; 9 Posiciones<br \/>\n<strong>Sistema de Corte:<\/strong> 3 en 1: Recycler\u00ae<br \/>\n<strong>Tipo de salida:<\/strong> descarga lateral y embolsado con Sistema Bag On Demand\u00ae (descarga trasera)<br \/>\n<strong>Manillar:<\/strong> Tubo de acero de 22,3 mm en una sola pieza<br \/>\n<strong>Carcasa:<\/strong> Chapa de acero de 1,9mm estampada<br \/>\n<strong>Sistema de limpieza:<\/strong> Acople r\u00e1pido Quick Wash\u00ae<br \/>\n<strong>Tracci\u00f3n:<\/strong> Autopropulsada trasera Personal Pace\u00ae (Paso Personal): Es autopropulsi\u00f3n sin palanca de cambios. Presionando s\u00f3lo el manillar este sistema permite aumentar \u00f3 disminuir la velocidad de avance adecu\u00e1ndola al ritmo de caminar del operario.<br \/>\n<strong>Peso Bruto:<\/strong> 37.2 (Kg)<\/p>\n","protected":false},"excerpt":{"rendered":"<p>Motor: 4T &#8211; Toro OHV GTA B&amp;S Ready Start &#8211; 163cc &#8211; 6,5HP Ancho de corte: 22 (pulg.) Altura de corte: 32 mm a 108 mm &#8211; 9 Posiciones Sistema&#8230;<\/p>\n","protected":false},"featured_media":5265,"template":"","meta":[],"product_brand":[],"product_cat":[182,140],"product_tag":[464,156,165],"class_list":{"0":"post-5264","1":"product","2":"type-product","3":"status-publish","4":"has-post-thumbnail","6":"product_cat-cortadora-de-cesped","7":"product_cat-jardin","8":"product_tag-464","9":"product_tag-cortadora-de-cesped","10":"product_tag-toro","12":"first","13":"instock","14":"shipping-taxable","15":"product-type-simple"},"_links":{"self":[{"href":"http:\/\/smaherramientas.com.ar\/sma\/wp-json\/wp\/v2\/product\/5264","targetHints":{"allow":["GET"]}}],"collection":[{"href":"http:\/\/smaherramientas.com.ar\/sma\/wp-json\/wp\/v2\/product"}],"about":[{"href":"http:\/\/smaherramientas.com.ar\/sma\/wp-json\/wp\/v2\/types\/product"}],"wp:featuredmedia":[{"embeddable":true,"href":"http:\/\/smaherramientas.com.ar\/sma\/wp-json\/wp\/v2\/media\/5265"}],"wp:attachment":[{"href":"http:\/\/smaherramientas.com.ar\/sma\/wp-json\/wp\/v2\/media?parent=5264"}],"wp:term":[{"taxonomy":"product_brand","embeddable":true,"href":"http:\/\/smaherramientas.com.ar\/sma\/wp-json\/wp\/v2\/product_brand?post=5264"},{"taxonomy":"product_cat","embeddable":true,"href":"http:\/\/smaherramientas.com.ar\/sma\/wp-json\/wp\/v2\/product_cat?post=5264"},{"taxonomy":"product_tag","embeddable":true,"href":"http:\/\/smaherramientas.com.ar\/sma\/wp-json\/wp\/v2\/product_tag?post=5264"}],"curies":[{"name":"wp","href":"https:\/\/api.w.org\/{rel}","templated":true}]}}