{"id":5235,"date":"2020-06-22T16:29:39","date_gmt":"2020-06-22T19:29:39","guid":{"rendered":"http:\/\/smaherramientas.com.ar\/sma\/?post_type=product&#038;p=5235"},"modified":"2020-06-22T16:29:39","modified_gmt":"2020-06-22T19:29:39","slug":"compresor-niwa-acw-1000","status":"publish","type":"product","link":"http:\/\/smaherramientas.com.ar\/sma\/producto\/compresor-niwa-acw-1000\/","title":{"rendered":"Compresor Niwa ACW-1000"},"content":{"rendered":"<p>Cilindros: Tricil\u00edndrico<br \/>\nSistema el\u00e9ctrico: Trif\u00e1sico<br \/>\nPotencia: 10 HP<br \/>\nPresi\u00f3n: M\u00e1xima 8 bar\/116 psi \u2013 baja\/baja<br \/>\nFlujo de aire: 1402 lts\/min<br \/>\nCapacidad del tanque: 500 lts<br \/>\nRuedas: SI<br \/>\nAlto: 113 cm<br \/>\nLargo: 175 cm<br \/>\nProfundidad: 62 cm<br \/>\nPeso Bruto: 239 Kg<\/p>\n","protected":false},"excerpt":{"rendered":"<p>Cilindros: Tricil\u00edndrico Sistema el\u00e9ctrico: Trif\u00e1sico Potencia: 10 HP Presi\u00f3n: M\u00e1xima 8 bar\/116 psi \u2013 baja\/baja Flujo de aire: 1402 lts\/min Capacidad del tanque: 500 lts Ruedas: SI Alto: 113 cm&#8230;<\/p>\n","protected":false},"featured_media":5236,"template":"","meta":[],"product_brand":[],"product_cat":[146],"product_tag":[451,86,88],"class_list":{"0":"post-5235","1":"product","2":"type-product","3":"status-publish","4":"has-post-thumbnail","6":"product_cat-ferreteria","7":"product_tag-acw-1000","8":"product_tag-compresor","9":"product_tag-niwa","11":"first","12":"instock","13":"shipping-taxable","14":"product-type-simple"},"_links":{"self":[{"href":"http:\/\/smaherramientas.com.ar\/sma\/wp-json\/wp\/v2\/product\/5235","targetHints":{"allow":["GET"]}}],"collection":[{"href":"http:\/\/smaherramientas.com.ar\/sma\/wp-json\/wp\/v2\/product"}],"about":[{"href":"http:\/\/smaherramientas.com.ar\/sma\/wp-json\/wp\/v2\/types\/product"}],"wp:featuredmedia":[{"embeddable":true,"href":"http:\/\/smaherramientas.com.ar\/sma\/wp-json\/wp\/v2\/media\/5236"}],"wp:attachment":[{"href":"http:\/\/smaherramientas.com.ar\/sma\/wp-json\/wp\/v2\/media?parent=5235"}],"wp:term":[{"taxonomy":"product_brand","embeddable":true,"href":"http:\/\/smaherramientas.com.ar\/sma\/wp-json\/wp\/v2\/product_brand?post=5235"},{"taxonomy":"product_cat","embeddable":true,"href":"http:\/\/smaherramientas.com.ar\/sma\/wp-json\/wp\/v2\/product_cat?post=5235"},{"taxonomy":"product_tag","embeddable":true,"href":"http:\/\/smaherramientas.com.ar\/sma\/wp-json\/wp\/v2\/product_tag?post=5235"}],"curies":[{"name":"wp","href":"https:\/\/api.w.org\/{rel}","templated":true}]}}