{"id":5229,"date":"2020-05-26T16:38:35","date_gmt":"2020-05-26T19:38:35","guid":{"rendered":"http:\/\/smaherramientas.com.ar\/sma\/?post_type=product&#038;p=5229"},"modified":"2020-06-18T19:55:10","modified_gmt":"2020-06-18T22:55:10","slug":"compresor-niwa-acw-200","status":"publish","type":"product","link":"http:\/\/smaherramientas.com.ar\/sma\/producto\/compresor-niwa-acw-200\/","title":{"rendered":"Compresor Niwa ACW-200"},"content":{"rendered":"<p><strong>Cilindros:<\/strong> Tricil\u00edndrico<br \/>\n<strong>Sistema el\u00e9ctrico:<\/strong> Trif\u00e1sico<br \/>\n<strong>Potencia:<\/strong> 4 HP<br \/>\n<strong>Presi\u00f3n:<\/strong> M\u00e1xima 8 bar\/116 psi &#8211; baja\/baja<br \/>\n<strong>Flujo de aire:<\/strong> 467 lts\/min<br \/>\n<strong>Capacidad del tanque:<\/strong> 200 lts<br \/>\n<strong>Ruedas:<\/strong> SI<br \/>\n<strong>Alto<\/strong>: 88 cm<br \/>\n<strong>Largo:<\/strong> 141.5 cm<br \/>\n<strong>Profundidad:<\/strong> 51.5 cm<br \/>\n<strong>Peso Bruto:<\/strong> 135 Kg<\/p>\n","protected":false},"excerpt":{"rendered":"<p>Cilindros: Tricil\u00edndrico Sistema el\u00e9ctrico: Trif\u00e1sico Potencia: 4 HP Presi\u00f3n: M\u00e1xima 8 bar\/116 psi &#8211; baja\/baja Flujo de aire: 467 lts\/min Capacidad del tanque: 200 lts Ruedas: SI Alto: 88 cm&#8230;<\/p>\n","protected":false},"featured_media":5230,"template":"","meta":[],"product_brand":[],"product_cat":[146],"product_tag":[450],"class_list":{"0":"post-5229","1":"product","2":"type-product","3":"status-publish","4":"has-post-thumbnail","6":"product_cat-ferreteria","7":"product_tag-acw-200","9":"first","10":"instock","11":"shipping-taxable","12":"product-type-simple"},"_links":{"self":[{"href":"http:\/\/smaherramientas.com.ar\/sma\/wp-json\/wp\/v2\/product\/5229","targetHints":{"allow":["GET"]}}],"collection":[{"href":"http:\/\/smaherramientas.com.ar\/sma\/wp-json\/wp\/v2\/product"}],"about":[{"href":"http:\/\/smaherramientas.com.ar\/sma\/wp-json\/wp\/v2\/types\/product"}],"wp:featuredmedia":[{"embeddable":true,"href":"http:\/\/smaherramientas.com.ar\/sma\/wp-json\/wp\/v2\/media\/5230"}],"wp:attachment":[{"href":"http:\/\/smaherramientas.com.ar\/sma\/wp-json\/wp\/v2\/media?parent=5229"}],"wp:term":[{"taxonomy":"product_brand","embeddable":true,"href":"http:\/\/smaherramientas.com.ar\/sma\/wp-json\/wp\/v2\/product_brand?post=5229"},{"taxonomy":"product_cat","embeddable":true,"href":"http:\/\/smaherramientas.com.ar\/sma\/wp-json\/wp\/v2\/product_cat?post=5229"},{"taxonomy":"product_tag","embeddable":true,"href":"http:\/\/smaherramientas.com.ar\/sma\/wp-json\/wp\/v2\/product_tag?post=5229"}],"curies":[{"name":"wp","href":"https:\/\/api.w.org\/{rel}","templated":true}]}}