{"id":5225,"date":"2020-05-26T16:29:51","date_gmt":"2020-05-26T19:29:51","guid":{"rendered":"http:\/\/smaherramientas.com.ar\/sma\/?post_type=product&#038;p=5225"},"modified":"2020-05-26T16:29:51","modified_gmt":"2020-05-26T19:29:51","slug":"compresor-niwa-acw-150-1","status":"publish","type":"product","link":"http:\/\/smaherramientas.com.ar\/sma\/producto\/compresor-niwa-acw-150-1\/","title":{"rendered":"Compresor Niwa ACW-150\/1"},"content":{"rendered":"<p><strong>Cilindros:<\/strong> Bicil\u00edndrico<br \/>\n<strong>Sistema el\u00e9ctrico:<\/strong> Monof\u00e1sico<br \/>\n<strong>Potencia:<\/strong> 3 HP<br \/>\n<strong>Presi\u00f3n:<\/strong> M\u00e1xima 8 bar\/116 psi &#8211; baja\/baja<br \/>\n<strong>Flujo de aire:<\/strong> 302 lts\/min<br \/>\n<strong>Capacidad del tanque:<\/strong> 150 lts<br \/>\n<strong>Ruedas:<\/strong> SI<br \/>\n<strong>Alto:<\/strong> 87 cm<br \/>\n<strong>Largo:<\/strong> 112 cm<br \/>\n<strong>Profundidad:<\/strong> 52 cm<br \/>\n<strong>Peso Bruto:<\/strong> 117 Kg<\/p>\n","protected":false},"excerpt":{"rendered":"<p>Cilindros: Bicil\u00edndrico Sistema el\u00e9ctrico: Monof\u00e1sico Potencia: 3 HP Presi\u00f3n: M\u00e1xima 8 bar\/116 psi &#8211; baja\/baja Flujo de aire: 302 lts\/min Capacidad del tanque: 150 lts Ruedas: SI Alto: 87 cm&#8230;<\/p>\n","protected":false},"featured_media":5226,"template":"","meta":[],"product_brand":[],"product_cat":[146],"product_tag":[448,86,88],"class_list":{"0":"post-5225","1":"product","2":"type-product","3":"status-publish","4":"has-post-thumbnail","6":"product_cat-ferreteria","7":"product_tag-acw-150-1","8":"product_tag-compresor","9":"product_tag-niwa","11":"first","12":"instock","13":"shipping-taxable","14":"product-type-simple"},"_links":{"self":[{"href":"http:\/\/smaherramientas.com.ar\/sma\/wp-json\/wp\/v2\/product\/5225","targetHints":{"allow":["GET"]}}],"collection":[{"href":"http:\/\/smaherramientas.com.ar\/sma\/wp-json\/wp\/v2\/product"}],"about":[{"href":"http:\/\/smaherramientas.com.ar\/sma\/wp-json\/wp\/v2\/types\/product"}],"wp:featuredmedia":[{"embeddable":true,"href":"http:\/\/smaherramientas.com.ar\/sma\/wp-json\/wp\/v2\/media\/5226"}],"wp:attachment":[{"href":"http:\/\/smaherramientas.com.ar\/sma\/wp-json\/wp\/v2\/media?parent=5225"}],"wp:term":[{"taxonomy":"product_brand","embeddable":true,"href":"http:\/\/smaherramientas.com.ar\/sma\/wp-json\/wp\/v2\/product_brand?post=5225"},{"taxonomy":"product_cat","embeddable":true,"href":"http:\/\/smaherramientas.com.ar\/sma\/wp-json\/wp\/v2\/product_cat?post=5225"},{"taxonomy":"product_tag","embeddable":true,"href":"http:\/\/smaherramientas.com.ar\/sma\/wp-json\/wp\/v2\/product_tag?post=5225"}],"curies":[{"name":"wp","href":"https:\/\/api.w.org\/{rel}","templated":true}]}}