{"id":5215,"date":"2020-05-26T13:46:34","date_gmt":"2020-05-26T16:46:34","guid":{"rendered":"http:\/\/smaherramientas.com.ar\/sma\/?post_type=product&#038;p=5215"},"modified":"2020-05-26T13:46:34","modified_gmt":"2020-05-26T16:46:34","slug":"compresor-niwa-anw-2-24","status":"publish","type":"product","link":"http:\/\/smaherramientas.com.ar\/sma\/producto\/compresor-niwa-anw-2-24\/","title":{"rendered":"Compresor Niwa ANW-2\/24"},"content":{"rendered":"<p><strong>Cilindros:<\/strong> Monocil\u00edndrico<br \/>\n<strong>Sistema el\u00e9ctrico:<\/strong> Monof\u00e1sico<br \/>\n<strong>Potencia:<\/strong> 2 HP<br \/>\n<strong>Presi\u00f3n:<\/strong> M\u00e1xima 8 bar\/116 psi &#8211; baja\/alta<br \/>\n<strong>Flujo de aire:<\/strong> 192 lts\/min<br \/>\n<strong>Capacidad del tanque:<\/strong> 24 lts<br \/>\n<strong>Ruedas:<\/strong> SI<br \/>\n<strong>Alto:<\/strong> 62 cm<br \/>\n<strong>Largo:<\/strong> 60 cm<br \/>\n<strong>Profundidad:<\/strong> 28 cm<br \/>\n<strong>Peso Bruto:<\/strong> 25 Kg<\/p>\n","protected":false},"excerpt":{"rendered":"<p>Cilindros: Monocil\u00edndrico Sistema el\u00e9ctrico: Monof\u00e1sico Potencia: 2 HP Presi\u00f3n: M\u00e1xima 8 bar\/116 psi &#8211; baja\/alta Flujo de aire: 192 lts\/min Capacidad del tanque: 24 lts Ruedas: SI Alto: 62 cm&#8230;<\/p>\n","protected":false},"featured_media":5216,"template":"","meta":[],"product_brand":[],"product_cat":[146],"product_tag":[443,86,88],"class_list":{"0":"post-5215","1":"product","2":"type-product","3":"status-publish","4":"has-post-thumbnail","6":"product_cat-ferreteria","7":"product_tag-anw-2-24","8":"product_tag-compresor","9":"product_tag-niwa","11":"first","12":"instock","13":"shipping-taxable","14":"product-type-simple"},"_links":{"self":[{"href":"http:\/\/smaherramientas.com.ar\/sma\/wp-json\/wp\/v2\/product\/5215","targetHints":{"allow":["GET"]}}],"collection":[{"href":"http:\/\/smaherramientas.com.ar\/sma\/wp-json\/wp\/v2\/product"}],"about":[{"href":"http:\/\/smaherramientas.com.ar\/sma\/wp-json\/wp\/v2\/types\/product"}],"wp:featuredmedia":[{"embeddable":true,"href":"http:\/\/smaherramientas.com.ar\/sma\/wp-json\/wp\/v2\/media\/5216"}],"wp:attachment":[{"href":"http:\/\/smaherramientas.com.ar\/sma\/wp-json\/wp\/v2\/media?parent=5215"}],"wp:term":[{"taxonomy":"product_brand","embeddable":true,"href":"http:\/\/smaherramientas.com.ar\/sma\/wp-json\/wp\/v2\/product_brand?post=5215"},{"taxonomy":"product_cat","embeddable":true,"href":"http:\/\/smaherramientas.com.ar\/sma\/wp-json\/wp\/v2\/product_cat?post=5215"},{"taxonomy":"product_tag","embeddable":true,"href":"http:\/\/smaherramientas.com.ar\/sma\/wp-json\/wp\/v2\/product_tag?post=5215"}],"curies":[{"name":"wp","href":"https:\/\/api.w.org\/{rel}","templated":true}]}}