{"id":5189,"date":"2020-05-01T17:46:05","date_gmt":"2020-05-01T20:46:05","guid":{"rendered":"http:\/\/smaherramientas.com.ar\/sma\/?post_type=product&#038;p=5189"},"modified":"2020-05-01T17:46:06","modified_gmt":"2020-05-01T20:46:06","slug":"programador-gardena-de-riego-flex","status":"publish","type":"product","link":"http:\/\/smaherramientas.com.ar\/sma\/producto\/programador-gardena-de-riego-flex\/","title":{"rendered":"Programador GARDENA de riego Flex"},"content":{"rendered":"<p><strong>Salidas programadas:<\/strong> 1<br \/>\n<strong>Duraci\u00f3n de riego:<\/strong> 1 seg a 99 min<br \/>\n<strong>N\u00famero de riegos m\u00e1x. por d\u00eda:<\/strong> 6<br \/>\n<strong>Frecuencia de riego:<\/strong> 4 \/ 6 \/8 \/ 12 \/24 \/ 48 \/ 72 hs<br \/>\n<strong>Presi\u00f3n de trabajo:<\/strong> 0,5 a 12 Bar<br \/>\n<strong>Tipo de energ\u00eda:<\/strong> Bater\u00eda 9 v<\/p>\n","protected":false},"excerpt":{"rendered":"<p>Salidas programadas: 1 Duraci\u00f3n de riego: 1 seg a 99 min N\u00famero de riegos m\u00e1x. por d\u00eda: 6 Frecuencia de riego: 4 \/ 6 \/8 \/ 12 \/24 \/ 48&#8230;<\/p>\n","protected":false},"featured_media":5190,"template":"","meta":[],"product_brand":[],"product_cat":[139],"product_tag":[434,93,184],"class_list":{"0":"post-5189","1":"product","2":"type-product","3":"status-publish","4":"has-post-thumbnail","6":"product_cat-riego","7":"product_tag-flex","8":"product_tag-gardena","9":"product_tag-programador","11":"first","12":"instock","13":"shipping-taxable","14":"product-type-simple"},"_links":{"self":[{"href":"http:\/\/smaherramientas.com.ar\/sma\/wp-json\/wp\/v2\/product\/5189","targetHints":{"allow":["GET"]}}],"collection":[{"href":"http:\/\/smaherramientas.com.ar\/sma\/wp-json\/wp\/v2\/product"}],"about":[{"href":"http:\/\/smaherramientas.com.ar\/sma\/wp-json\/wp\/v2\/types\/product"}],"wp:featuredmedia":[{"embeddable":true,"href":"http:\/\/smaherramientas.com.ar\/sma\/wp-json\/wp\/v2\/media\/5190"}],"wp:attachment":[{"href":"http:\/\/smaherramientas.com.ar\/sma\/wp-json\/wp\/v2\/media?parent=5189"}],"wp:term":[{"taxonomy":"product_brand","embeddable":true,"href":"http:\/\/smaherramientas.com.ar\/sma\/wp-json\/wp\/v2\/product_brand?post=5189"},{"taxonomy":"product_cat","embeddable":true,"href":"http:\/\/smaherramientas.com.ar\/sma\/wp-json\/wp\/v2\/product_cat?post=5189"},{"taxonomy":"product_tag","embeddable":true,"href":"http:\/\/smaherramientas.com.ar\/sma\/wp-json\/wp\/v2\/product_tag?post=5189"}],"curies":[{"name":"wp","href":"https:\/\/api.w.org\/{rel}","templated":true}]}}