{"id":5178,"date":"2020-05-01T19:09:58","date_gmt":"2020-05-01T19:09:58","guid":{"rendered":"http:\/\/smaherramientas.com.ar\/sma\/?post_type=product&#038;p=5178"},"modified":"2020-05-01T19:09:58","modified_gmt":"2020-05-01T19:09:58","slug":"chipeadora-de-ramas-y-cultivos-gtm-gts900","status":"publish","type":"product","link":"http:\/\/smaherramientas.com.ar\/sma\/producto\/chipeadora-de-ramas-y-cultivos-gtm-gts900\/","title":{"rendered":"Chipeadora de ramas y cultivos GTM GTS900"},"content":{"rendered":"<p><strong>Di\u00e1metro de rama m\u00e1ximo:<\/strong> 8 cm<br \/>\n<strong>Dimensi\u00f3n de entrada:<\/strong> 25 x 25 cm<br \/>\n<strong>Altura de entrada:<\/strong> 105 cm<br \/>\n<strong>Direcci\u00f3n de salida:<\/strong> Lateral<br \/>\n<strong>Deflector:<\/strong> 80\u00b0 ajustable<br \/>\n<strong>Cantidad de cuchillas:<\/strong> 2<br \/>\n<strong>Tipo de cuchilla:<\/strong> Estandar<br \/>\n<strong>Potencia de motor recomendada:<\/strong> 8-9 HP<br \/>\n<strong>Potencia de motor recomendada:<\/strong> 5-6 kw<br \/>\n<strong>Transmisi\u00f3n:<\/strong> Doble fajas V<br \/>\n<strong>Bot\u00f3n de emergencia:<\/strong> SI<br \/>\n<strong>Sistema de bloqueo de motor:<\/strong> SI<br \/>\n<strong>Ruedas:<\/strong> 39 cm de di\u00e1metro llantas<br \/>\n<strong>Otras Caracter\u00edsticas:<\/strong> Sin Motor<\/p>\n","protected":false},"excerpt":{"rendered":"<p>Di\u00e1metro de rama m\u00e1ximo: 8 cm Dimensi\u00f3n de entrada: 25 x 25 cm Altura de entrada: 105 cm Direcci\u00f3n de salida: Lateral Deflector: 80\u00b0 ajustable Cantidad de cuchillas: 2 Tipo&#8230;<\/p>\n","protected":false},"featured_media":5179,"template":"","meta":[],"product_brand":[],"product_cat":[143],"product_tag":[113,430,400],"class_list":{"0":"post-5178","1":"product","2":"type-product","3":"status-publish","4":"has-post-thumbnail","6":"product_cat-agro","7":"product_tag-chipeadora","8":"product_tag-gts900","9":"product_tag-trituradora","11":"first","12":"instock","13":"shipping-taxable","14":"product-type-simple"},"_links":{"self":[{"href":"http:\/\/smaherramientas.com.ar\/sma\/wp-json\/wp\/v2\/product\/5178","targetHints":{"allow":["GET"]}}],"collection":[{"href":"http:\/\/smaherramientas.com.ar\/sma\/wp-json\/wp\/v2\/product"}],"about":[{"href":"http:\/\/smaherramientas.com.ar\/sma\/wp-json\/wp\/v2\/types\/product"}],"wp:featuredmedia":[{"embeddable":true,"href":"http:\/\/smaherramientas.com.ar\/sma\/wp-json\/wp\/v2\/media\/5179"}],"wp:attachment":[{"href":"http:\/\/smaherramientas.com.ar\/sma\/wp-json\/wp\/v2\/media?parent=5178"}],"wp:term":[{"taxonomy":"product_brand","embeddable":true,"href":"http:\/\/smaherramientas.com.ar\/sma\/wp-json\/wp\/v2\/product_brand?post=5178"},{"taxonomy":"product_cat","embeddable":true,"href":"http:\/\/smaherramientas.com.ar\/sma\/wp-json\/wp\/v2\/product_cat?post=5178"},{"taxonomy":"product_tag","embeddable":true,"href":"http:\/\/smaherramientas.com.ar\/sma\/wp-json\/wp\/v2\/product_tag?post=5178"}],"curies":[{"name":"wp","href":"https:\/\/api.w.org\/{rel}","templated":true}]}}