{"id":5172,"date":"2020-05-01T18:19:32","date_gmt":"2020-05-01T18:19:32","guid":{"rendered":"http:\/\/smaherramientas.com.ar\/sma\/?post_type=product&#038;p=5172"},"modified":"2020-05-01T18:19:32","modified_gmt":"2020-05-01T18:19:32","slug":"chipeadora-trituradora-trapp-tr-500g","status":"publish","type":"product","link":"http:\/\/smaherramientas.com.ar\/sma\/producto\/chipeadora-trituradora-trapp-tr-500g\/","title":{"rendered":"CHIPEADORA-TRITURADORA  TRAPP TR 500G"},"content":{"rendered":"<p><strong>Di\u00e1metro m\u00e1ximo de chipeado:<\/strong> 100 mm<br \/>\n<strong>Motor accionamiento:<\/strong> Briggs&amp;Stratton<br \/>\n<strong>Potencia:<\/strong> 16 HP<br \/>\n<strong>Producci\u00f3n (ramas y arbustos):<\/strong> 3 a 5 m3\/h<br \/>\n<strong>Producci\u00f3n (legumbres\/frutas\/vegetales):<\/strong> 3 a 5 m3\/h<br \/>\n<strong>Aplicaci\u00f3n:<\/strong> Tritura arbustos, ramas, hierbas, recortes, cercas vivas, hojas, flores secas, restos de vegetales, papel, estacas, racimos y maderas suaves hasta 10 cm de di\u00e1metro.<\/p>\n","protected":false},"excerpt":{"rendered":"<p>Di\u00e1metro m\u00e1ximo de chipeado: 100 mm Motor accionamiento: Briggs&amp;Stratton Potencia: 16 HP Producci\u00f3n (ramas y arbustos): 3 a 5 m3\/h Producci\u00f3n (legumbres\/frutas\/vegetales): 3 a 5 m3\/h Aplicaci\u00f3n: Tritura arbustos, ramas,&#8230;<\/p>\n","protected":false},"featured_media":5173,"template":"","meta":[],"product_brand":[],"product_cat":[143],"product_tag":[113,427,424,400],"class_list":{"0":"post-5172","1":"product","2":"type-product","3":"status-publish","4":"has-post-thumbnail","6":"product_cat-agro","7":"product_tag-chipeadora","8":"product_tag-tr-500g","9":"product_tag-trapp","10":"product_tag-trituradora","12":"first","13":"instock","14":"shipping-taxable","15":"product-type-simple"},"_links":{"self":[{"href":"http:\/\/smaherramientas.com.ar\/sma\/wp-json\/wp\/v2\/product\/5172","targetHints":{"allow":["GET"]}}],"collection":[{"href":"http:\/\/smaherramientas.com.ar\/sma\/wp-json\/wp\/v2\/product"}],"about":[{"href":"http:\/\/smaherramientas.com.ar\/sma\/wp-json\/wp\/v2\/types\/product"}],"wp:featuredmedia":[{"embeddable":true,"href":"http:\/\/smaherramientas.com.ar\/sma\/wp-json\/wp\/v2\/media\/5173"}],"wp:attachment":[{"href":"http:\/\/smaherramientas.com.ar\/sma\/wp-json\/wp\/v2\/media?parent=5172"}],"wp:term":[{"taxonomy":"product_brand","embeddable":true,"href":"http:\/\/smaherramientas.com.ar\/sma\/wp-json\/wp\/v2\/product_brand?post=5172"},{"taxonomy":"product_cat","embeddable":true,"href":"http:\/\/smaherramientas.com.ar\/sma\/wp-json\/wp\/v2\/product_cat?post=5172"},{"taxonomy":"product_tag","embeddable":true,"href":"http:\/\/smaherramientas.com.ar\/sma\/wp-json\/wp\/v2\/product_tag?post=5172"}],"curies":[{"name":"wp","href":"https:\/\/api.w.org\/{rel}","templated":true}]}}