{"id":5170,"date":"2020-05-01T15:23:46","date_gmt":"2020-05-01T15:23:46","guid":{"rendered":"http:\/\/smaherramientas.com.ar\/sma\/?post_type=product&#038;p=5170"},"modified":"2020-05-01T15:23:46","modified_gmt":"2020-05-01T15:23:46","slug":"chipeadora-trituradora-trapp-bio-300g","status":"publish","type":"product","link":"http:\/\/smaherramientas.com.ar\/sma\/producto\/chipeadora-trituradora-trapp-bio-300g\/","title":{"rendered":"CHIPEADORA-TRITURADORA  TRAPP BIO 300G"},"content":{"rendered":"<p><strong>Di\u00e1metro m\u00e1ximo de chipeado:<\/strong> 80 mm<br \/>\n<strong>Motor accionamiento:<\/strong> Briggs&amp;Stratton<br \/>\n<strong>Potencia:<\/strong> 13.5 HP<br \/>\n<strong>Producci\u00f3n (ramas y arbustos):<\/strong> 4 a 6 m3\/h<br \/>\n<strong>Producci\u00f3n (legumbres\/frutas\/vegetales):<\/strong> 4 a 6 m3\/h<br \/>\n<strong>Aplicaci\u00f3n:<\/strong> Cortar y triturar forrajes, moler semillas y c\u00e1scaras de cereales, ma\u00edz desgranado, ca\u00f1a de az\u00facar, ramas de yuca, hierbas, entre otros<\/p>\n","protected":false},"excerpt":{"rendered":"<p>Di\u00e1metro m\u00e1ximo de chipeado: 80 mm Motor accionamiento: Briggs&amp;Stratton Potencia: 13.5 HP Producci\u00f3n (ramas y arbustos): 4 a 6 m3\/h Producci\u00f3n (legumbres\/frutas\/vegetales): 4 a 6 m3\/h Aplicaci\u00f3n: Cortar y triturar&#8230;<\/p>\n","protected":false},"featured_media":5171,"template":"","meta":[],"product_brand":[],"product_cat":[143],"product_tag":[426,113,424,400],"class_list":{"0":"post-5170","1":"product","2":"type-product","3":"status-publish","4":"has-post-thumbnail","6":"product_cat-agro","7":"product_tag-bio-300g","8":"product_tag-chipeadora","9":"product_tag-trapp","10":"product_tag-trituradora","12":"first","13":"instock","14":"shipping-taxable","15":"product-type-simple"},"_links":{"self":[{"href":"http:\/\/smaherramientas.com.ar\/sma\/wp-json\/wp\/v2\/product\/5170","targetHints":{"allow":["GET"]}}],"collection":[{"href":"http:\/\/smaherramientas.com.ar\/sma\/wp-json\/wp\/v2\/product"}],"about":[{"href":"http:\/\/smaherramientas.com.ar\/sma\/wp-json\/wp\/v2\/types\/product"}],"wp:featuredmedia":[{"embeddable":true,"href":"http:\/\/smaherramientas.com.ar\/sma\/wp-json\/wp\/v2\/media\/5171"}],"wp:attachment":[{"href":"http:\/\/smaherramientas.com.ar\/sma\/wp-json\/wp\/v2\/media?parent=5170"}],"wp:term":[{"taxonomy":"product_brand","embeddable":true,"href":"http:\/\/smaherramientas.com.ar\/sma\/wp-json\/wp\/v2\/product_brand?post=5170"},{"taxonomy":"product_cat","embeddable":true,"href":"http:\/\/smaherramientas.com.ar\/sma\/wp-json\/wp\/v2\/product_cat?post=5170"},{"taxonomy":"product_tag","embeddable":true,"href":"http:\/\/smaherramientas.com.ar\/sma\/wp-json\/wp\/v2\/product_tag?post=5170"}],"curies":[{"name":"wp","href":"https:\/\/api.w.org\/{rel}","templated":true}]}}