{"id":5158,"date":"2020-05-01T14:09:43","date_gmt":"2020-05-01T14:09:43","guid":{"rendered":"http:\/\/smaherramientas.com.ar\/sma\/?post_type=product&#038;p=5158"},"modified":"2020-05-01T14:09:43","modified_gmt":"2020-05-01T14:09:43","slug":"chipeadora-trituradora-troy-bilt-cs-4265","status":"publish","type":"product","link":"http:\/\/smaherramientas.com.ar\/sma\/producto\/chipeadora-trituradora-troy-bilt-cs-4265\/","title":{"rendered":"Chipeadora Trituradora Troy Bilt CS 4265"},"content":{"rendered":"<p><strong>Di\u00e1m. m\u00e1x. de chipeado:<\/strong> 2&#8243;<br \/>\n<strong>Cuchillas:<\/strong> 2 fijas<br \/>\n<strong>Triturado:<\/strong> 1 cuchilla fija de 30 cm (12&#8243;) y 12 m\u00f3viles<br \/>\n<strong>Motor:<\/strong> TROY-BILT Monocil\u00edndrico<br \/>\n<strong>Potencia:<\/strong> 6.5 HP<br \/>\n<strong>Cilindrada:<\/strong> 208 cc OHV-IC Eje Horizontal<br \/>\n<strong>Ruedas:<\/strong> Neum\u00e1ticas de 10&#8243; x 4&#8243;<br \/>\n<strong>Bolsa recolectora:<\/strong> 175 lts. est\u00e1ndar<\/p>\n","protected":false},"excerpt":{"rendered":"<p>Di\u00e1m. m\u00e1x. de chipeado: 2&#8243; Cuchillas: 2 fijas Triturado: 1 cuchilla fija de 30 cm (12&#8243;) y 12 m\u00f3viles Motor: TROY-BILT Monocil\u00edndrico Potencia: 6.5 HP Cilindrada: 208 cc OHV-IC Eje&#8230;<\/p>\n","protected":false},"featured_media":5159,"template":"","meta":[],"product_brand":[],"product_cat":[143],"product_tag":[113,420,400,155],"class_list":{"0":"post-5158","1":"product","2":"type-product","3":"status-publish","4":"has-post-thumbnail","6":"product_cat-agro","7":"product_tag-chipeadora","8":"product_tag-cs-4265","9":"product_tag-trituradora","10":"product_tag-troy-bilt","12":"first","13":"instock","14":"shipping-taxable","15":"product-type-simple"},"_links":{"self":[{"href":"http:\/\/smaherramientas.com.ar\/sma\/wp-json\/wp\/v2\/product\/5158","targetHints":{"allow":["GET"]}}],"collection":[{"href":"http:\/\/smaherramientas.com.ar\/sma\/wp-json\/wp\/v2\/product"}],"about":[{"href":"http:\/\/smaherramientas.com.ar\/sma\/wp-json\/wp\/v2\/types\/product"}],"wp:featuredmedia":[{"embeddable":true,"href":"http:\/\/smaherramientas.com.ar\/sma\/wp-json\/wp\/v2\/media\/5159"}],"wp:attachment":[{"href":"http:\/\/smaherramientas.com.ar\/sma\/wp-json\/wp\/v2\/media?parent=5158"}],"wp:term":[{"taxonomy":"product_brand","embeddable":true,"href":"http:\/\/smaherramientas.com.ar\/sma\/wp-json\/wp\/v2\/product_brand?post=5158"},{"taxonomy":"product_cat","embeddable":true,"href":"http:\/\/smaherramientas.com.ar\/sma\/wp-json\/wp\/v2\/product_cat?post=5158"},{"taxonomy":"product_tag","embeddable":true,"href":"http:\/\/smaherramientas.com.ar\/sma\/wp-json\/wp\/v2\/product_tag?post=5158"}],"curies":[{"name":"wp","href":"https:\/\/api.w.org\/{rel}","templated":true}]}}