{"id":5132,"date":"2020-05-01T11:36:11","date_gmt":"2020-05-01T11:36:11","guid":{"rendered":"http:\/\/smaherramientas.com.ar\/sma\/?post_type=product&#038;p=5132"},"modified":"2020-05-01T11:36:11","modified_gmt":"2020-05-01T11:36:11","slug":"motor-sensei-mev-450-ae-eje-vertical","status":"publish","type":"product","link":"http:\/\/smaherramientas.com.ar\/sma\/producto\/motor-sensei-mev-450-ae-eje-vertical\/","title":{"rendered":"Motor SENSEI MEV 450 AE Eje Vertical"},"content":{"rendered":"<p><strong>Motor:<\/strong> 4 tiempos mono cil\u00edndrico<br \/>\n<strong>Arranque:<\/strong> El\u00e9ctrico<br \/>\n<strong>Cilindrada:<\/strong> 452 cc<br \/>\n<strong>Torque m\u00e1ximo (Nm\/rpm):<\/strong> 28 \/ 2600<br \/>\n<strong>Potencia m\u00e1xima (kw\/hp\/rpm):<\/strong> 12,3 \/ 16,5 \/ 3600<br \/>\n<strong>Tanque de combustible:<\/strong> NO<br \/>\n<strong>Cig\u00fce\u00f1al:<\/strong> 79,5 x 25,4 (1&#8243;) (largo x di\u00e1metro en mm.)<br \/>\n<strong>Aplicaci\u00f3n:<\/strong> Tractor<br \/>\n<strong>Peso:<\/strong> 33 Kg.<\/p>\n","protected":false},"excerpt":{"rendered":"<p>Motor: 4 tiempos mono cil\u00edndrico Arranque: El\u00e9ctrico Cilindrada: 452 cc Torque m\u00e1ximo (Nm\/rpm): 28 \/ 2600 Potencia m\u00e1xima (kw\/hp\/rpm): 12,3 \/ 16,5 \/ 3600 Tanque de combustible: NO Cig\u00fce\u00f1al: 79,5&#8230;<\/p>\n","protected":false},"featured_media":5133,"template":"","meta":[],"product_brand":[],"product_cat":[137],"product_tag":[278,404,116,158],"class_list":{"0":"post-5132","1":"product","2":"type-product","3":"status-publish","4":"has-post-thumbnail","6":"product_cat-motores","7":"product_tag-eje-vertical","8":"product_tag-mev-450-ae","9":"product_tag-motor","10":"product_tag-sensein","12":"first","13":"instock","14":"shipping-taxable","15":"product-type-simple"},"_links":{"self":[{"href":"http:\/\/smaherramientas.com.ar\/sma\/wp-json\/wp\/v2\/product\/5132","targetHints":{"allow":["GET"]}}],"collection":[{"href":"http:\/\/smaherramientas.com.ar\/sma\/wp-json\/wp\/v2\/product"}],"about":[{"href":"http:\/\/smaherramientas.com.ar\/sma\/wp-json\/wp\/v2\/types\/product"}],"wp:featuredmedia":[{"embeddable":true,"href":"http:\/\/smaherramientas.com.ar\/sma\/wp-json\/wp\/v2\/media\/5133"}],"wp:attachment":[{"href":"http:\/\/smaherramientas.com.ar\/sma\/wp-json\/wp\/v2\/media?parent=5132"}],"wp:term":[{"taxonomy":"product_brand","embeddable":true,"href":"http:\/\/smaherramientas.com.ar\/sma\/wp-json\/wp\/v2\/product_brand?post=5132"},{"taxonomy":"product_cat","embeddable":true,"href":"http:\/\/smaherramientas.com.ar\/sma\/wp-json\/wp\/v2\/product_cat?post=5132"},{"taxonomy":"product_tag","embeddable":true,"href":"http:\/\/smaherramientas.com.ar\/sma\/wp-json\/wp\/v2\/product_tag?post=5132"}],"curies":[{"name":"wp","href":"https:\/\/api.w.org\/{rel}","templated":true}]}}