{"id":5111,"date":"2020-04-22T19:41:06","date_gmt":"2020-04-22T19:41:06","guid":{"rendered":"http:\/\/smaherramientas.com.ar\/sma\/?post_type=product&#038;p=5111"},"modified":"2020-04-22T19:41:06","modified_gmt":"2020-04-22T19:41:06","slug":"programador-hunter-x-core-xc-601i","status":"publish","type":"product","link":"http:\/\/smaherramientas.com.ar\/sma\/producto\/programador-hunter-x-core-xc-601i\/","title":{"rendered":"Programador HUNTER X-Core XC-601i"},"content":{"rendered":"<p><strong>XC-601i:<\/strong> 6 estaciones<br \/>\n<strong>Programas:<\/strong> 3<br \/>\n<strong>Arranques:<\/strong> 4 diarios<br \/>\n<strong>Memoria:<\/strong> No vol\u00e1til, de f\u00e1cil recuperaci\u00f3n<br \/>\n<strong>Bateria:<\/strong> Litio<br \/>\n<strong>Incluye transformador:<\/strong> 24 VAC-1A<\/p>\n","protected":false},"excerpt":{"rendered":"<p>XC-601i: 6 estaciones Programas: 3 Arranques: 4 diarios Memoria: No vol\u00e1til, de f\u00e1cil recuperaci\u00f3n Bateria: Litio Incluye transformador: 24 VAC-1A<\/p>\n","protected":false},"featured_media":5109,"template":"","meta":[],"product_brand":[],"product_cat":[139],"product_tag":[392,121,184,394],"class_list":{"0":"post-5111","1":"product","2":"type-product","3":"status-publish","4":"has-post-thumbnail","6":"product_cat-riego","7":"product_tag-controlador","8":"product_tag-hunter","9":"product_tag-programador","10":"product_tag-xc-601i","12":"first","13":"instock","14":"shipping-taxable","15":"product-type-simple"},"_links":{"self":[{"href":"http:\/\/smaherramientas.com.ar\/sma\/wp-json\/wp\/v2\/product\/5111","targetHints":{"allow":["GET"]}}],"collection":[{"href":"http:\/\/smaherramientas.com.ar\/sma\/wp-json\/wp\/v2\/product"}],"about":[{"href":"http:\/\/smaherramientas.com.ar\/sma\/wp-json\/wp\/v2\/types\/product"}],"wp:featuredmedia":[{"embeddable":true,"href":"http:\/\/smaherramientas.com.ar\/sma\/wp-json\/wp\/v2\/media\/5109"}],"wp:attachment":[{"href":"http:\/\/smaherramientas.com.ar\/sma\/wp-json\/wp\/v2\/media?parent=5111"}],"wp:term":[{"taxonomy":"product_brand","embeddable":true,"href":"http:\/\/smaherramientas.com.ar\/sma\/wp-json\/wp\/v2\/product_brand?post=5111"},{"taxonomy":"product_cat","embeddable":true,"href":"http:\/\/smaherramientas.com.ar\/sma\/wp-json\/wp\/v2\/product_cat?post=5111"},{"taxonomy":"product_tag","embeddable":true,"href":"http:\/\/smaherramientas.com.ar\/sma\/wp-json\/wp\/v2\/product_tag?post=5111"}],"curies":[{"name":"wp","href":"https:\/\/api.w.org\/{rel}","templated":true}]}}