{"id":5101,"date":"2020-04-16T11:39:16","date_gmt":"2020-04-16T11:39:16","guid":{"rendered":"http:\/\/smaherramientas.com.ar\/sma\/?post_type=product&#038;p=5101"},"modified":"2020-04-16T11:39:16","modified_gmt":"2020-04-16T11:39:16","slug":"motobomba-husqvarna-w100d","status":"publish","type":"product","link":"http:\/\/smaherramientas.com.ar\/sma\/producto\/motobomba-husqvarna-w100d\/","title":{"rendered":"Motobomba Husqvarna W100D"},"content":{"rendered":"<p><strong>Motor:<\/strong> Husqvarna<br \/>\n<strong>Potencia:<\/strong> 8.5 HP<br \/>\n<strong>Profundidad de Succi\u00f3n:<\/strong> 8 m<br \/>\n<strong>Tiraje M\u00e1ximo:<\/strong> 30 m<br \/>\n<strong>Caudal M\u00e1ximo:<\/strong> 56000 lts\/h<br \/>\n<strong>Di\u00e1metro de entrada:<\/strong> 4&#8243;<br \/>\n<strong>Tipo de Arranque:<\/strong> Manual<br \/>\n<strong>Combustible:<\/strong> Diesel<br \/>\n<strong>Peso Bruto:<\/strong> 43 Kg<\/p>\n","protected":false},"excerpt":{"rendered":"<p>Motor: Husqvarna Potencia: 8.5 HP Profundidad de Succi\u00f3n: 8 m Tiraje M\u00e1ximo: 30 m Caudal M\u00e1ximo: 56000 lts\/h Di\u00e1metro de entrada: 4&#8243; Tipo de Arranque: Manual Combustible: Diesel Peso Bruto:&#8230;<\/p>\n","protected":false},"featured_media":5102,"template":"","meta":[],"product_brand":[],"product_cat":[144],"product_tag":[95,273,389],"class_list":{"0":"post-5101","1":"product","2":"type-product","3":"status-publish","4":"has-post-thumbnail","6":"product_cat-productos-de-fuerza","7":"product_tag-husqvarna","8":"product_tag-motobomba","9":"product_tag-w100d","11":"first","12":"instock","13":"shipping-taxable","14":"product-type-simple"},"_links":{"self":[{"href":"http:\/\/smaherramientas.com.ar\/sma\/wp-json\/wp\/v2\/product\/5101","targetHints":{"allow":["GET"]}}],"collection":[{"href":"http:\/\/smaherramientas.com.ar\/sma\/wp-json\/wp\/v2\/product"}],"about":[{"href":"http:\/\/smaherramientas.com.ar\/sma\/wp-json\/wp\/v2\/types\/product"}],"wp:featuredmedia":[{"embeddable":true,"href":"http:\/\/smaherramientas.com.ar\/sma\/wp-json\/wp\/v2\/media\/5102"}],"wp:attachment":[{"href":"http:\/\/smaherramientas.com.ar\/sma\/wp-json\/wp\/v2\/media?parent=5101"}],"wp:term":[{"taxonomy":"product_brand","embeddable":true,"href":"http:\/\/smaherramientas.com.ar\/sma\/wp-json\/wp\/v2\/product_brand?post=5101"},{"taxonomy":"product_cat","embeddable":true,"href":"http:\/\/smaherramientas.com.ar\/sma\/wp-json\/wp\/v2\/product_cat?post=5101"},{"taxonomy":"product_tag","embeddable":true,"href":"http:\/\/smaherramientas.com.ar\/sma\/wp-json\/wp\/v2\/product_tag?post=5101"}],"curies":[{"name":"wp","href":"https:\/\/api.w.org\/{rel}","templated":true}]}}