{"id":5027,"date":"2020-04-14T10:44:05","date_gmt":"2020-04-14T10:44:05","guid":{"rendered":"http:\/\/smaherramientas.com.ar\/sma\/?post_type=product&#038;p=5027"},"modified":"2020-04-14T10:44:05","modified_gmt":"2020-04-14T10:44:05","slug":"soplador-a-bateria-husqvarna-525i-b","status":"publish","type":"product","link":"http:\/\/smaherramientas.com.ar\/sma\/producto\/soplador-a-bateria-husqvarna-525i-b\/","title":{"rendered":"Soplador a bater\u00eda Husqvarna 525i B"},"content":{"rendered":"<p><strong>Tensi\u00f3n:<\/strong> 36 V<br \/>\n<strong>Nivel de ruido:<\/strong> 79 db<br \/>\n<strong>Peso sin Bater\u00eda:<\/strong> 2.7 Kg<br \/>\n<strong>Tipo de bater\u00eda:<\/strong> Ion-LI<br \/>\n<strong>Velocidad de aire:<\/strong> 177 Km\/h<br \/>\n<strong>Caudal de aire:<\/strong> 726 m3\/h<br \/>\n<strong>Variador de velocidad:<\/strong> SI<br \/>\n<strong>Tipo de motor:<\/strong> Inducci\u00f3n sin escobillas<\/p>\n","protected":false},"excerpt":{"rendered":"<p>Tensi\u00f3n: 36 V Nivel de ruido: 79 db Peso sin Bater\u00eda: 2.7 Kg Tipo de bater\u00eda: Ion-LI Velocidad de aire: 177 Km\/h Caudal de aire: 726 m3\/h Variador de velocidad:&#8230;<\/p>\n","protected":false},"featured_media":5028,"template":"","meta":[],"product_brand":[],"product_cat":[140,199],"product_tag":[353,351,95,99],"class_list":{"0":"post-5027","1":"product","2":"type-product","3":"status-publish","4":"has-post-thumbnail","6":"product_cat-jardin","7":"product_cat-sopladora","8":"product_tag-525i-b","9":"product_tag-bateria","10":"product_tag-husqvarna","11":"product_tag-soplador","13":"first","14":"instock","15":"shipping-taxable","16":"product-type-simple"},"_links":{"self":[{"href":"http:\/\/smaherramientas.com.ar\/sma\/wp-json\/wp\/v2\/product\/5027","targetHints":{"allow":["GET"]}}],"collection":[{"href":"http:\/\/smaherramientas.com.ar\/sma\/wp-json\/wp\/v2\/product"}],"about":[{"href":"http:\/\/smaherramientas.com.ar\/sma\/wp-json\/wp\/v2\/types\/product"}],"wp:featuredmedia":[{"embeddable":true,"href":"http:\/\/smaherramientas.com.ar\/sma\/wp-json\/wp\/v2\/media\/5028"}],"wp:attachment":[{"href":"http:\/\/smaherramientas.com.ar\/sma\/wp-json\/wp\/v2\/media?parent=5027"}],"wp:term":[{"taxonomy":"product_brand","embeddable":true,"href":"http:\/\/smaherramientas.com.ar\/sma\/wp-json\/wp\/v2\/product_brand?post=5027"},{"taxonomy":"product_cat","embeddable":true,"href":"http:\/\/smaherramientas.com.ar\/sma\/wp-json\/wp\/v2\/product_cat?post=5027"},{"taxonomy":"product_tag","embeddable":true,"href":"http:\/\/smaherramientas.com.ar\/sma\/wp-json\/wp\/v2\/product_tag?post=5027"}],"curies":[{"name":"wp","href":"https:\/\/api.w.org\/{rel}","templated":true}]}}