{"id":5017,"date":"2020-04-14T09:06:25","date_gmt":"2020-04-14T09:06:25","guid":{"rendered":"http:\/\/smaherramientas.com.ar\/sma\/?post_type=product&#038;p=5017"},"modified":"2020-04-14T09:06:25","modified_gmt":"2020-04-14T09:06:25","slug":"pulverizadora-husqvarna-321s15","status":"publish","type":"product","link":"http:\/\/smaherramientas.com.ar\/sma\/producto\/pulverizadora-husqvarna-321s15\/","title":{"rendered":"Pulverizadora Husqvarna 321S15"},"content":{"rendered":"<p><strong>Cilindrada:<\/strong> 25.4 c.c.<br \/>\n<strong>Potencia:<\/strong> 0.7 Kw<br \/>\n<strong>Capacidad de tanque de qu\u00edmicos:<\/strong> 15 lts<br \/>\n<strong>Formato de qu\u00edmico:<\/strong> L\u00edquido<br \/>\n<strong>Capacidad de combustible:<\/strong> 0.6 lts<br \/>\n<strong>Peso Bruto:<\/strong> 11.7 Kg<\/p>\n","protected":false},"excerpt":{"rendered":"<p>Cilindrada: 25.4 c.c. Potencia: 0.7 Kw Capacidad de tanque de qu\u00edmicos: 15 lts Formato de qu\u00edmico: L\u00edquido Capacidad de combustible: 0.6 lts Peso Bruto: 11.7 Kg<\/p>\n","protected":false},"featured_media":5018,"template":"","meta":[],"product_brand":[],"product_cat":[143,140,206],"product_tag":[347,95,73],"class_list":{"0":"post-5017","1":"product","2":"type-product","3":"status-publish","4":"has-post-thumbnail","6":"product_cat-agro","7":"product_cat-jardin","8":"product_cat-pulverizadora","9":"product_tag-321s15","10":"product_tag-husqvarna","11":"product_tag-pulverizador","13":"first","14":"instock","15":"shipping-taxable","16":"product-type-simple"},"_links":{"self":[{"href":"http:\/\/smaherramientas.com.ar\/sma\/wp-json\/wp\/v2\/product\/5017","targetHints":{"allow":["GET"]}}],"collection":[{"href":"http:\/\/smaherramientas.com.ar\/sma\/wp-json\/wp\/v2\/product"}],"about":[{"href":"http:\/\/smaherramientas.com.ar\/sma\/wp-json\/wp\/v2\/types\/product"}],"wp:featuredmedia":[{"embeddable":true,"href":"http:\/\/smaherramientas.com.ar\/sma\/wp-json\/wp\/v2\/media\/5018"}],"wp:attachment":[{"href":"http:\/\/smaherramientas.com.ar\/sma\/wp-json\/wp\/v2\/media?parent=5017"}],"wp:term":[{"taxonomy":"product_brand","embeddable":true,"href":"http:\/\/smaherramientas.com.ar\/sma\/wp-json\/wp\/v2\/product_brand?post=5017"},{"taxonomy":"product_cat","embeddable":true,"href":"http:\/\/smaherramientas.com.ar\/sma\/wp-json\/wp\/v2\/product_cat?post=5017"},{"taxonomy":"product_tag","embeddable":true,"href":"http:\/\/smaherramientas.com.ar\/sma\/wp-json\/wp\/v2\/product_tag?post=5017"}],"curies":[{"name":"wp","href":"https:\/\/api.w.org\/{rel}","templated":true}]}}