{"id":4899,"date":"2020-03-20T17:56:00","date_gmt":"2020-03-20T17:56:00","guid":{"rendered":"http:\/\/smaherramientas.com.ar\/sma\/?post_type=product&#038;p=4899"},"modified":"2020-03-20T17:56:00","modified_gmt":"2020-03-20T17:56:00","slug":"fumigadora-echo-dm-6110","status":"publish","type":"product","link":"http:\/\/smaherramientas.com.ar\/sma\/producto\/fumigadora-echo-dm-6110\/","title":{"rendered":"Fumigadora ECHO DM-6110"},"content":{"rendered":"<p><strong>Cilindrada:<\/strong> 58.2 c.c.<br \/>\n<strong>Capacidad de combustible:<\/strong> 1.8 lts<br \/>\n<strong>Capacidad de tanque de qu\u00edmicos:<\/strong> 23 lts<br \/>\n<strong>Alcance:<\/strong> 10 mts. vertical<br \/>\n<strong>Caudal de aire m\u00e1ximo:<\/strong> 12 mts.\/m\u00edn.<br \/>\n<strong>Descarga m\u00e1xima l\u00edquida:<\/strong> 4.6 lts.\/min.<br \/>\n<strong>Peso Bruto:<\/strong> 10.7 Kg<\/p>\n","protected":false},"excerpt":{"rendered":"<p>Cilindrada: 58.2 c.c. Capacidad de combustible: 1.8 lts Capacidad de tanque de qu\u00edmicos: 23 lts Alcance: 10 mts. vertical Caudal de aire m\u00e1ximo: 12 mts.\/m\u00edn. Descarga m\u00e1xima l\u00edquida: 4.6 lts.\/min&#8230;.<\/p>\n","protected":false},"featured_media":4900,"template":"","meta":[],"product_brand":[],"product_cat":[143,202,140],"product_tag":[300,176,60],"class_list":{"0":"post-4899","1":"product","2":"type-product","3":"status-publish","4":"has-post-thumbnail","6":"product_cat-agro","7":"product_cat-fumigador","8":"product_cat-jardin","9":"product_tag-dm-6110","10":"product_tag-echo","11":"product_tag-fumigador","13":"first","14":"instock","15":"shipping-taxable","16":"product-type-simple"},"_links":{"self":[{"href":"http:\/\/smaherramientas.com.ar\/sma\/wp-json\/wp\/v2\/product\/4899","targetHints":{"allow":["GET"]}}],"collection":[{"href":"http:\/\/smaherramientas.com.ar\/sma\/wp-json\/wp\/v2\/product"}],"about":[{"href":"http:\/\/smaherramientas.com.ar\/sma\/wp-json\/wp\/v2\/types\/product"}],"wp:featuredmedia":[{"embeddable":true,"href":"http:\/\/smaherramientas.com.ar\/sma\/wp-json\/wp\/v2\/media\/4900"}],"wp:attachment":[{"href":"http:\/\/smaherramientas.com.ar\/sma\/wp-json\/wp\/v2\/media?parent=4899"}],"wp:term":[{"taxonomy":"product_brand","embeddable":true,"href":"http:\/\/smaherramientas.com.ar\/sma\/wp-json\/wp\/v2\/product_brand?post=4899"},{"taxonomy":"product_cat","embeddable":true,"href":"http:\/\/smaherramientas.com.ar\/sma\/wp-json\/wp\/v2\/product_cat?post=4899"},{"taxonomy":"product_tag","embeddable":true,"href":"http:\/\/smaherramientas.com.ar\/sma\/wp-json\/wp\/v2\/product_tag?post=4899"}],"curies":[{"name":"wp","href":"https:\/\/api.w.org\/{rel}","templated":true}]}}