{"id":4844,"date":"2020-03-11T22:12:51","date_gmt":"2020-03-11T22:12:51","guid":{"rendered":"http:\/\/smaherramientas.com.ar\/sma\/?post_type=product&#038;p=4844"},"modified":"2020-03-11T22:13:47","modified_gmt":"2020-03-11T22:13:47","slug":"motor-bs-serie-4185-eje-vertical","status":"publish","type":"product","link":"http:\/\/smaherramientas.com.ar\/sma\/producto\/motor-bs-serie-4185-eje-vertical\/","title":{"rendered":"Motor B&#038;S Serie 4185 Eje Vertical"},"content":{"rendered":"<p><strong>Tecnolog\u00eda:<\/strong> OVH<br \/>\n<strong>Torque:<\/strong> 27 lbs\/pie<br \/>\n<strong>Cilindrada:<\/strong> 500 cc<br \/>\n<strong>Capacidad de aceite:<\/strong> 1.4 Lts<br \/>\n<strong>Arranque:<\/strong> El\u00e9ctrico<br \/>\n<strong>Filtro de aceite<\/strong><br \/>\n<strong>Tipo de eje:<\/strong> Cil\u00edndrico<br \/>\n<strong>Di\u00e1metro del eje:<\/strong> 1\u201d<br \/>\n<strong>Largo del eje:<\/strong> 3.157\u201d (conicidad)<br \/>\n<strong>Chavetero:<\/strong> 1\/4<br \/>\n<strong>Aplicaci\u00f3n:<\/strong> Minitractor<br \/>\n<strong>Peso:<\/strong> 33.25 Kg<\/p>\n","protected":false},"excerpt":{"rendered":"<p>Tecnolog\u00eda: OVH Torque: 27 lbs\/pie Cilindrada: 500 cc Capacidad de aceite: 1.4 Lts Arranque: El\u00e9ctrico Filtro de aceite Tipo de eje: Cil\u00edndrico Di\u00e1metro del eje: 1\u201d Largo del eje: 3.157\u201d&#8230;<\/p>\n","protected":false},"featured_media":4845,"template":"","meta":[],"product_brand":[],"product_cat":[137],"product_tag":[278,116,282],"class_list":{"0":"post-4844","1":"product","2":"type-product","3":"status-publish","4":"has-post-thumbnail","6":"product_cat-motores","7":"product_tag-eje-vertical","8":"product_tag-motor","9":"product_tag-serie-4185","11":"first","12":"instock","13":"shipping-taxable","14":"product-type-simple"},"_links":{"self":[{"href":"http:\/\/smaherramientas.com.ar\/sma\/wp-json\/wp\/v2\/product\/4844","targetHints":{"allow":["GET"]}}],"collection":[{"href":"http:\/\/smaherramientas.com.ar\/sma\/wp-json\/wp\/v2\/product"}],"about":[{"href":"http:\/\/smaherramientas.com.ar\/sma\/wp-json\/wp\/v2\/types\/product"}],"wp:featuredmedia":[{"embeddable":true,"href":"http:\/\/smaherramientas.com.ar\/sma\/wp-json\/wp\/v2\/media\/4845"}],"wp:attachment":[{"href":"http:\/\/smaherramientas.com.ar\/sma\/wp-json\/wp\/v2\/media?parent=4844"}],"wp:term":[{"taxonomy":"product_brand","embeddable":true,"href":"http:\/\/smaherramientas.com.ar\/sma\/wp-json\/wp\/v2\/product_brand?post=4844"},{"taxonomy":"product_cat","embeddable":true,"href":"http:\/\/smaherramientas.com.ar\/sma\/wp-json\/wp\/v2\/product_cat?post=4844"},{"taxonomy":"product_tag","embeddable":true,"href":"http:\/\/smaherramientas.com.ar\/sma\/wp-json\/wp\/v2\/product_tag?post=4844"}],"curies":[{"name":"wp","href":"https:\/\/api.w.org\/{rel}","templated":true}]}}