{"id":4833,"date":"2020-03-11T20:33:05","date_gmt":"2020-03-11T20:33:05","guid":{"rendered":"http:\/\/smaherramientas.com.ar\/sma\/?post_type=product&#038;p=4833"},"modified":"2020-03-11T20:33:05","modified_gmt":"2020-03-11T20:33:05","slug":"motobomba-niwa-wnw-80-4","status":"publish","type":"product","link":"http:\/\/smaherramientas.com.ar\/sma\/producto\/motobomba-niwa-wnw-80-4\/","title":{"rendered":"Motobomba Niwa WNW-80-4"},"content":{"rendered":"<p><strong>Potencia:<\/strong> 8 HP<br \/>\n<strong>Motor:<\/strong> Niwa<br \/>\n<strong>Caudal M\u00e1ximo:<\/strong> 80000 lts\/h<br \/>\nProfundidad de Succi\u00f3n: 7 m<br \/>\n<strong>Tiraje M\u00e1ximo: 20 m <\/strong><br \/>\n<strong>Di\u00e1metro de entrada:<\/strong> 4&#8243;<br \/>\n<strong>Tipo de Arranque:<\/strong> Manual<br \/>\n<strong>Capacidad de combustible:<\/strong> 6.5 lts<br \/>\n<strong>Alto:<\/strong> 51 cm<br \/>\n<strong>Largo:<\/strong> 64 cm<br \/>\n<strong>Profundidad:<\/strong> 47 cm<br \/>\n<strong>Peso Bruto:<\/strong> 43 Kg<\/p>\n","protected":false},"excerpt":{"rendered":"<p>Potencia: 8 HP Motor: Niwa Caudal M\u00e1ximo: 80000 lts\/h Profundidad de Succi\u00f3n: 7 m Tiraje M\u00e1ximo: 20 m Di\u00e1metro de entrada: 4&#8243; Tipo de Arranque: Manual Capacidad de combustible: 6.5&#8230;<\/p>\n","protected":false},"featured_media":4834,"template":"","meta":[],"product_brand":[],"product_cat":[144],"product_tag":[273,276],"class_list":{"0":"post-4833","1":"product","2":"type-product","3":"status-publish","4":"has-post-thumbnail","6":"product_cat-productos-de-fuerza","7":"product_tag-motobomba","8":"product_tag-wnw-80-4","10":"first","11":"instock","12":"shipping-taxable","13":"product-type-simple"},"_links":{"self":[{"href":"http:\/\/smaherramientas.com.ar\/sma\/wp-json\/wp\/v2\/product\/4833","targetHints":{"allow":["GET"]}}],"collection":[{"href":"http:\/\/smaherramientas.com.ar\/sma\/wp-json\/wp\/v2\/product"}],"about":[{"href":"http:\/\/smaherramientas.com.ar\/sma\/wp-json\/wp\/v2\/types\/product"}],"wp:featuredmedia":[{"embeddable":true,"href":"http:\/\/smaherramientas.com.ar\/sma\/wp-json\/wp\/v2\/media\/4834"}],"wp:attachment":[{"href":"http:\/\/smaherramientas.com.ar\/sma\/wp-json\/wp\/v2\/media?parent=4833"}],"wp:term":[{"taxonomy":"product_brand","embeddable":true,"href":"http:\/\/smaherramientas.com.ar\/sma\/wp-json\/wp\/v2\/product_brand?post=4833"},{"taxonomy":"product_cat","embeddable":true,"href":"http:\/\/smaherramientas.com.ar\/sma\/wp-json\/wp\/v2\/product_cat?post=4833"},{"taxonomy":"product_tag","embeddable":true,"href":"http:\/\/smaherramientas.com.ar\/sma\/wp-json\/wp\/v2\/product_tag?post=4833"}],"curies":[{"name":"wp","href":"https:\/\/api.w.org\/{rel}","templated":true}]}}