{"id":4829,"date":"2020-03-11T20:25:07","date_gmt":"2020-03-11T20:25:07","guid":{"rendered":"http:\/\/smaherramientas.com.ar\/sma\/?post_type=product&#038;p=4829"},"modified":"2020-03-11T20:25:07","modified_gmt":"2020-03-11T20:25:07","slug":"motobomba-niwa-wnw-55-2","status":"publish","type":"product","link":"http:\/\/smaherramientas.com.ar\/sma\/producto\/motobomba-niwa-wnw-55-2\/","title":{"rendered":"Motobomba Niwa WNW-55-2"},"content":{"rendered":"<p><strong>Potencia:<\/strong> 5.5 HP<br \/>\n<strong>Motor:<\/strong> Niwa<br \/>\n<strong>Caudal M\u00e1ximo:<\/strong> 30000 lts\/h<br \/>\n<strong>Profundidad de Succi\u00f3n:<\/strong> 7 m<br \/>\n<strong>Tiraje M\u00e1ximo:<\/strong> 23 m<br \/>\n<strong>Di\u00e1metro de entrada:<\/strong> 2 \u00bb<br \/>\n<strong>Tipo de Arranque:<\/strong> Manual<br \/>\n<strong>Capacidad de combustible:<\/strong> 3.6 lts<br \/>\n<strong>Alto:<\/strong> 40.5 cm<br \/>\n<strong>Largo:<\/strong> 48.5 cm<br \/>\n<strong>Profundidad:<\/strong> 38 cm<br \/>\n<strong>Peso Bruto:<\/strong> 23.5 Kg<\/p>\n","protected":false},"excerpt":{"rendered":"<p>Potencia: 5.5 HP Motor: Niwa Caudal M\u00e1ximo: 30000 lts\/h Profundidad de Succi\u00f3n: 7 m Tiraje M\u00e1ximo: 23 m Di\u00e1metro de entrada: 2 \u00bb Tipo de Arranque: Manual Capacidad de combustible:&#8230;<\/p>\n","protected":false},"featured_media":4830,"template":"","meta":[],"product_brand":[],"product_cat":[144],"product_tag":[273,274],"class_list":{"0":"post-4829","1":"product","2":"type-product","3":"status-publish","4":"has-post-thumbnail","6":"product_cat-productos-de-fuerza","7":"product_tag-motobomba","8":"product_tag-wnw-55-2","10":"first","11":"instock","12":"shipping-taxable","13":"product-type-simple"},"_links":{"self":[{"href":"http:\/\/smaherramientas.com.ar\/sma\/wp-json\/wp\/v2\/product\/4829","targetHints":{"allow":["GET"]}}],"collection":[{"href":"http:\/\/smaherramientas.com.ar\/sma\/wp-json\/wp\/v2\/product"}],"about":[{"href":"http:\/\/smaherramientas.com.ar\/sma\/wp-json\/wp\/v2\/types\/product"}],"wp:featuredmedia":[{"embeddable":true,"href":"http:\/\/smaherramientas.com.ar\/sma\/wp-json\/wp\/v2\/media\/4830"}],"wp:attachment":[{"href":"http:\/\/smaherramientas.com.ar\/sma\/wp-json\/wp\/v2\/media?parent=4829"}],"wp:term":[{"taxonomy":"product_brand","embeddable":true,"href":"http:\/\/smaherramientas.com.ar\/sma\/wp-json\/wp\/v2\/product_brand?post=4829"},{"taxonomy":"product_cat","embeddable":true,"href":"http:\/\/smaherramientas.com.ar\/sma\/wp-json\/wp\/v2\/product_cat?post=4829"},{"taxonomy":"product_tag","embeddable":true,"href":"http:\/\/smaherramientas.com.ar\/sma\/wp-json\/wp\/v2\/product_tag?post=4829"}],"curies":[{"name":"wp","href":"https:\/\/api.w.org\/{rel}","templated":true}]}}