{"id":4827,"date":"2020-03-11T20:15:37","date_gmt":"2020-03-11T20:15:37","guid":{"rendered":"http:\/\/smaherramientas.com.ar\/sma\/?post_type=product&#038;p=4827"},"modified":"2020-03-11T20:15:37","modified_gmt":"2020-03-11T20:15:37","slug":"motobomba-niwa-wnw-52","status":"publish","type":"product","link":"http:\/\/smaherramientas.com.ar\/sma\/producto\/motobomba-niwa-wnw-52\/","title":{"rendered":"Motobomba Niwa WNW-52"},"content":{"rendered":"<p><strong>Motor:<\/strong> Niwa 52 cc 2 Tiempos<br \/>\n<strong>Caudal M\u00e1ximo:<\/strong> 15000 lts\/h<br \/>\n<strong>Profundidad de Succi\u00f3n:<\/strong> 7 m<br \/>\n<strong>Tiraje M\u00e1ximo:<\/strong> 17.8 m<br \/>\n<strong>Di\u00e1metro de entrada:<\/strong> 1.5&#8243;<br \/>\n<strong>Tipo de Arranque:<\/strong> Manual<br \/>\n<strong>Capacidad de combustible:<\/strong> 1.5 lts<br \/>\n<strong>Alto:<\/strong> 39 cm<br \/>\n<strong>Largo:<\/strong> 41 cm<br \/>\n<strong>Profundidad:<\/strong> 33.5 cm<br \/>\n<strong>Peso Bruto:<\/strong> 11 Kg<\/p>\n","protected":false},"excerpt":{"rendered":"<p>Motor: Niwa 52 cc 2 Tiempos Caudal M\u00e1ximo: 15000 lts\/h Profundidad de Succi\u00f3n: 7 m Tiraje M\u00e1ximo: 17.8 m Di\u00e1metro de entrada: 1.5&#8243; Tipo de Arranque: Manual Capacidad de combustible:&#8230;<\/p>\n","protected":false},"featured_media":4828,"template":"","meta":[],"product_brand":[],"product_cat":[144],"product_tag":[273,272],"class_list":{"0":"post-4827","1":"product","2":"type-product","3":"status-publish","4":"has-post-thumbnail","6":"product_cat-productos-de-fuerza","7":"product_tag-motobomba","8":"product_tag-wnw-52","10":"first","11":"instock","12":"shipping-taxable","13":"product-type-simple"},"_links":{"self":[{"href":"http:\/\/smaherramientas.com.ar\/sma\/wp-json\/wp\/v2\/product\/4827","targetHints":{"allow":["GET"]}}],"collection":[{"href":"http:\/\/smaherramientas.com.ar\/sma\/wp-json\/wp\/v2\/product"}],"about":[{"href":"http:\/\/smaherramientas.com.ar\/sma\/wp-json\/wp\/v2\/types\/product"}],"wp:featuredmedia":[{"embeddable":true,"href":"http:\/\/smaherramientas.com.ar\/sma\/wp-json\/wp\/v2\/media\/4828"}],"wp:attachment":[{"href":"http:\/\/smaherramientas.com.ar\/sma\/wp-json\/wp\/v2\/media?parent=4827"}],"wp:term":[{"taxonomy":"product_brand","embeddable":true,"href":"http:\/\/smaherramientas.com.ar\/sma\/wp-json\/wp\/v2\/product_brand?post=4827"},{"taxonomy":"product_cat","embeddable":true,"href":"http:\/\/smaherramientas.com.ar\/sma\/wp-json\/wp\/v2\/product_cat?post=4827"},{"taxonomy":"product_tag","embeddable":true,"href":"http:\/\/smaherramientas.com.ar\/sma\/wp-json\/wp\/v2\/product_tag?post=4827"}],"curies":[{"name":"wp","href":"https:\/\/api.w.org\/{rel}","templated":true}]}}