{"id":4803,"date":"2020-03-11T18:26:23","date_gmt":"2020-03-11T18:26:23","guid":{"rendered":"http:\/\/smaherramientas.com.ar\/sma\/?post_type=product&#038;p=4803"},"modified":"2020-03-11T18:26:23","modified_gmt":"2020-03-11T18:26:23","slug":"hidrolavadora-electrica-niwa-hdnw-pro-10","status":"publish","type":"product","link":"http:\/\/smaherramientas.com.ar\/sma\/producto\/hidrolavadora-electrica-niwa-hdnw-pro-10\/","title":{"rendered":"Hidrolavadora el\u00e9ctrica Niwa HDNW PRO-10"},"content":{"rendered":"<p><strong>Potencia:<\/strong> 2200 Watts<br \/>\n<strong>Alimentaci\u00f3n:<\/strong> 220V\/50Hz<br \/>\n<strong>Presi\u00f3n de caudal promedio:<\/strong> 100 bar<br \/>\n<strong>Presi\u00f3n de caudal m\u00e1ximo:<\/strong> 130 bar<br \/>\n<strong>Pistola con boquilla de spray <\/strong><br \/>\n<strong>Largo de manguera:<\/strong> 8 m<br \/>\n<strong>Bomba axial a pist\u00f3n <\/strong><br \/>\n<strong>Alto:<\/strong> 30 cm<br \/>\n<strong>Largo:<\/strong> 29 cm<br \/>\n<strong>Profundidad:<\/strong> 50 cm<br \/>\n<strong>Peso Bruto:<\/strong> 20 Kg<\/p>\n","protected":false},"excerpt":{"rendered":"<p>Potencia: 2200 Watts Alimentaci\u00f3n: 220V\/50Hz Presi\u00f3n de caudal promedio: 100 bar Presi\u00f3n de caudal m\u00e1ximo: 130 bar Pistola con boquilla de spray Largo de manguera: 8 m Bomba axial a&#8230;<\/p>\n","protected":false},"featured_media":4804,"template":"","meta":[],"product_brand":[],"product_cat":[142],"product_tag":[258,103,247],"class_list":{"0":"post-4803","1":"product","2":"type-product","3":"status-publish","4":"has-post-thumbnail","6":"product_cat-productos-de-limpieza","7":"product_tag-hdnw-pro-10","8":"product_tag-hidrolavadora","9":"product_tag-hidrolavadora-electrica","11":"first","12":"instock","13":"shipping-taxable","14":"product-type-simple"},"_links":{"self":[{"href":"http:\/\/smaherramientas.com.ar\/sma\/wp-json\/wp\/v2\/product\/4803","targetHints":{"allow":["GET"]}}],"collection":[{"href":"http:\/\/smaherramientas.com.ar\/sma\/wp-json\/wp\/v2\/product"}],"about":[{"href":"http:\/\/smaherramientas.com.ar\/sma\/wp-json\/wp\/v2\/types\/product"}],"wp:featuredmedia":[{"embeddable":true,"href":"http:\/\/smaherramientas.com.ar\/sma\/wp-json\/wp\/v2\/media\/4804"}],"wp:attachment":[{"href":"http:\/\/smaherramientas.com.ar\/sma\/wp-json\/wp\/v2\/media?parent=4803"}],"wp:term":[{"taxonomy":"product_brand","embeddable":true,"href":"http:\/\/smaherramientas.com.ar\/sma\/wp-json\/wp\/v2\/product_brand?post=4803"},{"taxonomy":"product_cat","embeddable":true,"href":"http:\/\/smaherramientas.com.ar\/sma\/wp-json\/wp\/v2\/product_cat?post=4803"},{"taxonomy":"product_tag","embeddable":true,"href":"http:\/\/smaherramientas.com.ar\/sma\/wp-json\/wp\/v2\/product_tag?post=4803"}],"curies":[{"name":"wp","href":"https:\/\/api.w.org\/{rel}","templated":true}]}}