{"id":4801,"date":"2020-03-11T18:21:22","date_gmt":"2020-03-11T18:21:22","guid":{"rendered":"http:\/\/smaherramientas.com.ar\/sma\/?post_type=product&#038;p=4801"},"modified":"2020-03-11T18:21:22","modified_gmt":"2020-03-11T18:21:22","slug":"hidrolavadora-electrica-niwa-hdnw-750","status":"publish","type":"product","link":"http:\/\/smaherramientas.com.ar\/sma\/producto\/hidrolavadora-electrica-niwa-hdnw-750\/","title":{"rendered":"Hidrolavadora el\u00e9ctrica Niwa HDNW-750"},"content":{"rendered":"<p><strong>Potencia:<\/strong> 2500 Watts<br \/>\n<strong>Alimentaci\u00f3n:<\/strong> 220V\/50Hz<br \/>\n<strong>Presi\u00f3n de caudal promedio:<\/strong> 130 bar<br \/>\n<strong>Presi\u00f3n de caudal m\u00e1ximo:<\/strong> 160 bar<br \/>\n<strong>Pistola con boquilla de spray<\/strong><br \/>\n<strong>Largo de manguera:<\/strong> 5 m<br \/>\n<strong>Porta manguera<\/strong><br \/>\n<strong>Bomba axial a pist\u00f3n <\/strong><br \/>\n<strong>Botella para detergente<\/strong><br \/>\n<strong>Ruedas:<\/strong> 2<br \/>\n<strong>Alto:<\/strong> 91 cm<br \/>\n<strong>Largo:<\/strong> 36 cm<br \/>\n<strong>Profundidad:<\/strong> 39 cm<br \/>\n<strong>Peso Bruto:<\/strong> 15.1 Kg<\/p>\n","protected":false},"excerpt":{"rendered":"<p>Potencia: 2500 Watts Alimentaci\u00f3n: 220V\/50Hz Presi\u00f3n de caudal promedio: 130 bar Presi\u00f3n de caudal m\u00e1ximo: 160 bar Pistola con boquilla de spray Largo de manguera: 5 m Porta manguera Bomba&#8230;<\/p>\n","protected":false},"featured_media":4802,"template":"","meta":[],"product_brand":[],"product_cat":[142],"product_tag":[257,103,247],"class_list":{"0":"post-4801","1":"product","2":"type-product","3":"status-publish","4":"has-post-thumbnail","6":"product_cat-productos-de-limpieza","7":"product_tag-hdnw-750","8":"product_tag-hidrolavadora","9":"product_tag-hidrolavadora-electrica","11":"first","12":"instock","13":"shipping-taxable","14":"product-type-simple"},"_links":{"self":[{"href":"http:\/\/smaherramientas.com.ar\/sma\/wp-json\/wp\/v2\/product\/4801","targetHints":{"allow":["GET"]}}],"collection":[{"href":"http:\/\/smaherramientas.com.ar\/sma\/wp-json\/wp\/v2\/product"}],"about":[{"href":"http:\/\/smaherramientas.com.ar\/sma\/wp-json\/wp\/v2\/types\/product"}],"wp:featuredmedia":[{"embeddable":true,"href":"http:\/\/smaherramientas.com.ar\/sma\/wp-json\/wp\/v2\/media\/4802"}],"wp:attachment":[{"href":"http:\/\/smaherramientas.com.ar\/sma\/wp-json\/wp\/v2\/media?parent=4801"}],"wp:term":[{"taxonomy":"product_brand","embeddable":true,"href":"http:\/\/smaherramientas.com.ar\/sma\/wp-json\/wp\/v2\/product_brand?post=4801"},{"taxonomy":"product_cat","embeddable":true,"href":"http:\/\/smaherramientas.com.ar\/sma\/wp-json\/wp\/v2\/product_cat?post=4801"},{"taxonomy":"product_tag","embeddable":true,"href":"http:\/\/smaherramientas.com.ar\/sma\/wp-json\/wp\/v2\/product_tag?post=4801"}],"curies":[{"name":"wp","href":"https:\/\/api.w.org\/{rel}","templated":true}]}}