{"id":4786,"date":"2020-03-10T20:53:28","date_gmt":"2020-03-10T20:53:28","guid":{"rendered":"http:\/\/smaherramientas.com.ar\/sma\/?post_type=product&#038;p=4786"},"modified":"2020-03-10T20:53:29","modified_gmt":"2020-03-10T20:53:29","slug":"compresor-niwa-asw-6-de-alta-recuperacion-oil-free-silencioso","status":"publish","type":"product","link":"http:\/\/smaherramientas.com.ar\/sma\/producto\/compresor-niwa-asw-6-de-alta-recuperacion-oil-free-silencioso\/","title":{"rendered":"Compresor Niwa ASW-6 de alta recuperaci\u00f3n oil free silencioso"},"content":{"rendered":"<p><strong>Cilindros:<\/strong> Monocil\u00edndrico<br \/>\n<strong>Sistema el\u00e9ctrico:<\/strong> Monof\u00e1sico<br \/>\n<strong>Potencia:<\/strong> 0.68 HP<br \/>\n<strong>Presi\u00f3n:<\/strong> M\u00e1xima 8 bar\/116 psi &#8211; baja\/alta<br \/>\n<strong>Flujo de aire:<\/strong> 105 lts\/min<br \/>\n<strong>Capacidad del tanque:<\/strong> 6 lts<br \/>\n<strong>Sin aceite:<\/strong> SI<br \/>\n<strong>Silencioso:<\/strong> SI<br \/>\n<strong>Alto:<\/strong> 40 cm<br \/>\n<strong>Largo:<\/strong> 45 cm<br \/>\n<strong>Profundidad:<\/strong> 43 cm<br \/>\n<strong>Peso Bruto:<\/strong> 16.5 Kg<\/p>\n","protected":false},"excerpt":{"rendered":"<p>Cilindros: Monocil\u00edndrico Sistema el\u00e9ctrico: Monof\u00e1sico Potencia: 0.68 HP Presi\u00f3n: M\u00e1xima 8 bar\/116 psi &#8211; baja\/alta Flujo de aire: 105 lts\/min Capacidad del tanque: 6 lts Sin aceite: SI Silencioso: SI&#8230;<\/p>\n","protected":false},"featured_media":4787,"template":"","meta":[],"product_brand":[],"product_cat":[146],"product_tag":[252,86,88],"class_list":{"0":"post-4786","1":"product","2":"type-product","3":"status-publish","4":"has-post-thumbnail","6":"product_cat-ferreteria","7":"product_tag-asw-6","8":"product_tag-compresor","9":"product_tag-niwa","11":"first","12":"instock","13":"shipping-taxable","14":"product-type-simple"},"_links":{"self":[{"href":"http:\/\/smaherramientas.com.ar\/sma\/wp-json\/wp\/v2\/product\/4786","targetHints":{"allow":["GET"]}}],"collection":[{"href":"http:\/\/smaherramientas.com.ar\/sma\/wp-json\/wp\/v2\/product"}],"about":[{"href":"http:\/\/smaherramientas.com.ar\/sma\/wp-json\/wp\/v2\/types\/product"}],"wp:featuredmedia":[{"embeddable":true,"href":"http:\/\/smaherramientas.com.ar\/sma\/wp-json\/wp\/v2\/media\/4787"}],"wp:attachment":[{"href":"http:\/\/smaherramientas.com.ar\/sma\/wp-json\/wp\/v2\/media?parent=4786"}],"wp:term":[{"taxonomy":"product_brand","embeddable":true,"href":"http:\/\/smaherramientas.com.ar\/sma\/wp-json\/wp\/v2\/product_brand?post=4786"},{"taxonomy":"product_cat","embeddable":true,"href":"http:\/\/smaherramientas.com.ar\/sma\/wp-json\/wp\/v2\/product_cat?post=4786"},{"taxonomy":"product_tag","embeddable":true,"href":"http:\/\/smaherramientas.com.ar\/sma\/wp-json\/wp\/v2\/product_tag?post=4786"}],"curies":[{"name":"wp","href":"https:\/\/api.w.org\/{rel}","templated":true}]}}