{"id":4265,"date":"2019-05-29T16:53:14","date_gmt":"2019-05-29T16:53:14","guid":{"rendered":"http:\/\/smaherramientas.com.ar\/sma\/?post_type=product&#038;p=4265"},"modified":"2019-08-30T16:49:57","modified_gmt":"2019-08-30T16:49:57","slug":"fumigadora-518771","status":"publish","type":"product","link":"http:\/\/smaherramientas.com.ar\/sma\/producto\/fumigadora-518771\/","title":{"rendered":"Fumigadora \/ 518771"},"content":{"rendered":"<p><strong>Marca:\u00a0<\/strong>Oregon<br \/>\n<strong>Modelo:\u00a0<\/strong>518771<br \/>\n<strong>Unidades por paquete:\u00a0<\/strong>1<br \/>\n<strong>Capacidad total:\u00a0<\/strong>20 L<br \/>\n<strong>Peso:\u00a0<\/strong>3.5 kg<br \/>\n<strong>Altura:\u00a0<\/strong>36 cm<br \/>\n<strong>Ancho:\u00a0<\/strong>21 cm<br \/>\n<strong>Largo:\u00a0<\/strong>57.5 cm<br \/>\n<strong>Presi\u00f3n m\u00e1xima:\u00a0<\/strong>3 bar<\/p>\n","protected":false},"excerpt":{"rendered":"<p>El fumigador manual Oregon 518771 es f\u00e1cil de usar por ser practico y f\u00e1cil de almacenar. Posee una v\u00e1lvula de seguridad. Su presi\u00f3n de trabajo es de 2 Bar. La longitud de su lanza es de 60 cm. El largo de manguera llega a 120 cm. Tiene un capacidad en el tanque de hasta 20 Litros.<\/p>\n","protected":false},"featured_media":4268,"template":"","meta":[],"product_brand":[],"product_cat":[140],"product_tag":[123,122,124],"class_list":{"0":"post-4265","1":"product","2":"type-product","3":"status-publish","4":"has-post-thumbnail","6":"product_cat-jardin","7":"product_tag-123","8":"product_tag-fumigadora","9":"product_tag-oregon","11":"first","12":"instock","13":"shipping-taxable","14":"product-type-simple"},"_links":{"self":[{"href":"http:\/\/smaherramientas.com.ar\/sma\/wp-json\/wp\/v2\/product\/4265","targetHints":{"allow":["GET"]}}],"collection":[{"href":"http:\/\/smaherramientas.com.ar\/sma\/wp-json\/wp\/v2\/product"}],"about":[{"href":"http:\/\/smaherramientas.com.ar\/sma\/wp-json\/wp\/v2\/types\/product"}],"wp:featuredmedia":[{"embeddable":true,"href":"http:\/\/smaherramientas.com.ar\/sma\/wp-json\/wp\/v2\/media\/4268"}],"wp:attachment":[{"href":"http:\/\/smaherramientas.com.ar\/sma\/wp-json\/wp\/v2\/media?parent=4265"}],"wp:term":[{"taxonomy":"product_brand","embeddable":true,"href":"http:\/\/smaherramientas.com.ar\/sma\/wp-json\/wp\/v2\/product_brand?post=4265"},{"taxonomy":"product_cat","embeddable":true,"href":"http:\/\/smaherramientas.com.ar\/sma\/wp-json\/wp\/v2\/product_cat?post=4265"},{"taxonomy":"product_tag","embeddable":true,"href":"http:\/\/smaherramientas.com.ar\/sma\/wp-json\/wp\/v2\/product_tag?post=4265"}],"curies":[{"name":"wp","href":"https:\/\/api.w.org\/{rel}","templated":true}]}}