{"id":4263,"date":"2019-05-29T16:46:55","date_gmt":"2019-05-29T16:46:55","guid":{"rendered":"http:\/\/smaherramientas.com.ar\/sma\/?post_type=product&#038;p=4263"},"modified":"2019-08-30T16:16:53","modified_gmt":"2019-08-30T16:16:53","slug":"difusores-psu-02","status":"publish","type":"product","link":"http:\/\/smaherramientas.com.ar\/sma\/producto\/difusores-psu-02\/","title":{"rendered":"Difusores \/  PSU-02"},"content":{"rendered":"<p><strong>Modelos:<\/strong> 5, 10 y 15 cm<br \/>\nOpci\u00f3n de tobera regulable o en franjas preinstalada<br \/>\nTapa resistente<br \/>\nV\u00e1stago de carraca de dos piezas<br \/>\nV\u00e1stago compatible con toberas roscadas hembra<br \/>\nDisponible con tap\u00f3n de descarga ( filtro grande no incluido)<br \/>\nFiltro extra grande<br \/>\n<strong>Per\u00edodo de garant\u00eda:<\/strong> 2 a\u00f1os<br \/>\nV\u00e1lvula de retenci\u00f3n opcional<br \/>\nMuelle resistente<\/p>\n","protected":false},"excerpt":{"rendered":"<p>Este compacto difusor de finas\u00a0lineas se suministra en modelos de 5, 10 y 15 cm de emergencia. Su innovador cuerpo incorpora una carraca fiable de dos piezas, una tapa duradera, un v\u00e1stago con rosca macho y una malla de filtro grande, con lo que se obtiene una doble filtraci\u00f3n\u00a0en los modelos de 10 y 15 cm. Adem\u00e1s, los modelos de 5 y 10 cm son compatibles con los antiguos cuerpos del PS , lo que permite una sustituci\u00f3n r\u00e1pida y sencilla. Los modelos PS Ultra est\u00e1ndares incluyen una tobera ajustable PRO preinstalada. Hay disponible una versi\u00f3n con tap\u00f3n de descarga sin tobera ni pantalla de filtro. Con tantas toberas compatibles para escoger, encontrar la soluci\u00f3n m\u00e1s eficaz para la aplicaci\u00f3n adecuada es f\u00e1cil y sencillo.<\/p>\n","protected":false},"featured_media":4269,"template":"","meta":[],"product_brand":[],"product_cat":[139],"product_tag":[120,121,119],"class_list":{"0":"post-4263","1":"product","2":"type-product","3":"status-publish","4":"has-post-thumbnail","6":"product_cat-riego","7":"product_tag-difusores","8":"product_tag-hunter","9":"product_tag-psu-02","11":"first","12":"instock","13":"shipping-taxable","14":"product-type-simple"},"_links":{"self":[{"href":"http:\/\/smaherramientas.com.ar\/sma\/wp-json\/wp\/v2\/product\/4263","targetHints":{"allow":["GET"]}}],"collection":[{"href":"http:\/\/smaherramientas.com.ar\/sma\/wp-json\/wp\/v2\/product"}],"about":[{"href":"http:\/\/smaherramientas.com.ar\/sma\/wp-json\/wp\/v2\/types\/product"}],"wp:featuredmedia":[{"embeddable":true,"href":"http:\/\/smaherramientas.com.ar\/sma\/wp-json\/wp\/v2\/media\/4269"}],"wp:attachment":[{"href":"http:\/\/smaherramientas.com.ar\/sma\/wp-json\/wp\/v2\/media?parent=4263"}],"wp:term":[{"taxonomy":"product_brand","embeddable":true,"href":"http:\/\/smaherramientas.com.ar\/sma\/wp-json\/wp\/v2\/product_brand?post=4263"},{"taxonomy":"product_cat","embeddable":true,"href":"http:\/\/smaherramientas.com.ar\/sma\/wp-json\/wp\/v2\/product_cat?post=4263"},{"taxonomy":"product_tag","embeddable":true,"href":"http:\/\/smaherramientas.com.ar\/sma\/wp-json\/wp\/v2\/product_tag?post=4263"}],"curies":[{"name":"wp","href":"https:\/\/api.w.org\/{rel}","templated":true}]}}