{"id":4257,"date":"2020-05-01T16:24:39","date_gmt":"2020-05-01T19:24:39","guid":{"rendered":"http:\/\/smaherramientas.com.ar\/sma\/?post_type=product&#038;p=4257"},"modified":"2020-05-01T16:25:25","modified_gmt":"2020-05-01T19:25:25","slug":"chiperadora-de-ramas-y-cultivos-gts1300-pto","status":"publish","type":"product","link":"http:\/\/smaherramientas.com.ar\/sma\/producto\/chiperadora-de-ramas-y-cultivos-gts1300-pto\/","title":{"rendered":"Chipeadora de ramas y cultivos GTM GTS1300 PTO"},"content":{"rendered":"<p><strong>Di\u00e1metro de rama m\u00e1ximo:<\/strong> 10 cm<br \/>\n<strong>Dimensi\u00f3n de entrada:<\/strong> 34 x 47 cm<br \/>\n<strong>Altura de entrada:<\/strong> 115 cm<br \/>\n<strong>Altura de salida:<\/strong> 155 cm<br \/>\n<strong>Direcci\u00f3n de salida:<\/strong> Trasera<br \/>\n<strong>Deflector:<\/strong> 85\u00b0 ajustable<br \/>\n<strong>Metodo de corte:<\/strong> Trituradora de tambor<br \/>\n<strong>Potencia de motor recomendada:<\/strong> 15 &#8211; 45 HP<br \/>\n<strong>Potencia de motor recomendada:<\/strong> 11 &#8211; 33 kw<br \/>\n<strong>Transmisi\u00f3n:<\/strong> Toma de fuerza para tractor<br \/>\n<strong>Barra de p\u00e1nico:<\/strong> SI<br \/>\n<strong>Otras Caracter\u00edsticas:<\/strong> Sin Motor<\/p>\n","protected":false},"excerpt":{"rendered":"<p>Di\u00e1metro de rama m\u00e1ximo: 10 cm Dimensi\u00f3n de entrada: 34 x 47 cm Altura de entrada: 115 cm Altura de salida: 155 cm Direcci\u00f3n de salida: Trasera Deflector: 85\u00b0 ajustable&#8230;<\/p>\n","protected":false},"featured_media":4258,"template":"","meta":[],"product_brand":[],"product_cat":[143],"product_tag":[113,114],"class_list":{"0":"post-4257","1":"product","2":"type-product","3":"status-publish","4":"has-post-thumbnail","6":"product_cat-agro","7":"product_tag-chipeadora","8":"product_tag-gts1300-pto","10":"first","11":"instock","12":"shipping-taxable","13":"product-type-simple"},"_links":{"self":[{"href":"http:\/\/smaherramientas.com.ar\/sma\/wp-json\/wp\/v2\/product\/4257","targetHints":{"allow":["GET"]}}],"collection":[{"href":"http:\/\/smaherramientas.com.ar\/sma\/wp-json\/wp\/v2\/product"}],"about":[{"href":"http:\/\/smaherramientas.com.ar\/sma\/wp-json\/wp\/v2\/types\/product"}],"wp:featuredmedia":[{"embeddable":true,"href":"http:\/\/smaherramientas.com.ar\/sma\/wp-json\/wp\/v2\/media\/4258"}],"wp:attachment":[{"href":"http:\/\/smaherramientas.com.ar\/sma\/wp-json\/wp\/v2\/media?parent=4257"}],"wp:term":[{"taxonomy":"product_brand","embeddable":true,"href":"http:\/\/smaherramientas.com.ar\/sma\/wp-json\/wp\/v2\/product_brand?post=4257"},{"taxonomy":"product_cat","embeddable":true,"href":"http:\/\/smaherramientas.com.ar\/sma\/wp-json\/wp\/v2\/product_cat?post=4257"},{"taxonomy":"product_tag","embeddable":true,"href":"http:\/\/smaherramientas.com.ar\/sma\/wp-json\/wp\/v2\/product_tag?post=4257"}],"curies":[{"name":"wp","href":"https:\/\/api.w.org\/{rel}","templated":true}]}}