{"id":4252,"date":"2019-05-28T19:13:59","date_gmt":"2019-05-28T19:13:59","guid":{"rendered":"http:\/\/smaherramientas.com.ar\/sma\/?post_type=product&#038;p=4252"},"modified":"2020-04-22T18:39:07","modified_gmt":"2020-04-22T18:39:07","slug":"soldadora-inverter-mma-maximma-250-3","status":"publish","type":"product","link":"http:\/\/smaherramientas.com.ar\/sma\/producto\/soldadora-inverter-mma-maximma-250-3\/","title":{"rendered":"Soldadora inverter NIWA  MMA \/  MAXIMMA-250-3"},"content":{"rendered":"<div class=\"specs\"><strong>Tipo:<\/strong> MMA<\/div>\n<div class=\"specs\"><strong>Sistema el\u00e9ctrico:<\/strong> Trif\u00e1sica<\/div>\n<div class=\"specs\"><strong>Tecnolog\u00eda:<\/strong> Inverter<\/div>\n<div class=\"specs\"><strong>Rango de alimentaci\u00f3n:<\/strong> 3 x 380 +\/- 10%<\/div>\n<div class=\"specs\"><strong>Ciclo de trabajo:<\/strong> 250A al 60% (40\u00b0C)<\/div>\n<div class=\"specs\"><strong>Frecuencia:<\/strong> 50\/60 Hz<\/div>\n<div>\n<div class=\"specs\"><strong>Alto:<\/strong> 43 cm<\/div>\n<div class=\"specs\"><strong>Largo:<\/strong> 57 cm<\/div>\n<div class=\"specs\"><strong>Profundidad:<\/strong> 28 cm<\/div>\n<div class=\"specs\"><strong>Peso Bruto:<\/strong> 10 Kg<\/div>\n<\/div>\n","protected":false},"excerpt":{"rendered":"<p>Tipo: MMA Sistema el\u00e9ctrico: Trif\u00e1sica Tecnolog\u00eda: Inverter Rango de alimentaci\u00f3n: 3 x 380 +\/- 10% Ciclo de trabajo: 250A al 60% (40\u00b0C) Frecuencia: 50\/60 Hz Alto: 43 cm Largo: 57&#8230;<\/p>\n","protected":false},"featured_media":4253,"template":"","meta":[],"product_brand":[],"product_cat":[145,146],"product_tag":[108,109,88,107],"class_list":{"0":"post-4252","1":"product","2":"type-product","3":"status-publish","4":"has-post-thumbnail","6":"product_cat-construccion","7":"product_cat-ferreteria","8":"product_tag-inverter-mma","9":"product_tag-maximma-250-3","10":"product_tag-niwa","11":"product_tag-soldadora","13":"first","14":"instock","15":"shipping-taxable","16":"product-type-simple"},"_links":{"self":[{"href":"http:\/\/smaherramientas.com.ar\/sma\/wp-json\/wp\/v2\/product\/4252","targetHints":{"allow":["GET"]}}],"collection":[{"href":"http:\/\/smaherramientas.com.ar\/sma\/wp-json\/wp\/v2\/product"}],"about":[{"href":"http:\/\/smaherramientas.com.ar\/sma\/wp-json\/wp\/v2\/types\/product"}],"wp:featuredmedia":[{"embeddable":true,"href":"http:\/\/smaherramientas.com.ar\/sma\/wp-json\/wp\/v2\/media\/4253"}],"wp:attachment":[{"href":"http:\/\/smaherramientas.com.ar\/sma\/wp-json\/wp\/v2\/media?parent=4252"}],"wp:term":[{"taxonomy":"product_brand","embeddable":true,"href":"http:\/\/smaherramientas.com.ar\/sma\/wp-json\/wp\/v2\/product_brand?post=4252"},{"taxonomy":"product_cat","embeddable":true,"href":"http:\/\/smaherramientas.com.ar\/sma\/wp-json\/wp\/v2\/product_cat?post=4252"},{"taxonomy":"product_tag","embeddable":true,"href":"http:\/\/smaherramientas.com.ar\/sma\/wp-json\/wp\/v2\/product_tag?post=4252"}],"curies":[{"name":"wp","href":"https:\/\/api.w.org\/{rel}","templated":true}]}}