{"id":4245,"date":"2019-05-28T18:17:28","date_gmt":"2019-05-28T18:17:28","guid":{"rendered":"http:\/\/smaherramientas.com.ar\/sma\/?post_type=product&#038;p=4245"},"modified":"2020-01-14T23:20:29","modified_gmt":"2020-01-14T23:20:29","slug":"hidrolavadora-a-explosion-lnw-130","status":"publish","type":"product","link":"http:\/\/smaherramientas.com.ar\/sma\/producto\/hidrolavadora-a-explosion-lnw-130\/","title":{"rendered":"Hidrolavadora a explosi\u00f3n Niwa LNW-130"},"content":{"rendered":"<p><strong>Potencia:<\/strong> 13 HP<br \/>\n<strong>Motor:<\/strong> Niwa<br \/>\n<strong>Presi\u00f3n de caudal m\u00e1ximo:<\/strong> 252 bar<br \/>\n<strong>Cantidad de picos:<\/strong> 5<br \/>\n<strong>Largo de manguera de presi\u00f3n:<\/strong> 8 mts<br \/>\n<strong>Ruedas:<\/strong>2<br \/>\n<strong>Pistola de metal con picos intercambiables<\/strong><br \/>\n<strong>Peso Bruto:<\/strong> 63 Kg<\/p>\n","protected":false},"excerpt":{"rendered":"<p>Potencia: 13 HP Motor: Niwa Presi\u00f3n de caudal m\u00e1ximo: 252 bar Cantidad de picos: 5 Largo de manguera de presi\u00f3n: 8 mts Ruedas:2 Pistola de metal con picos intercambiables Peso&#8230;<\/p>\n","protected":false},"featured_media":4246,"template":"","meta":[],"product_brand":[],"product_cat":[142],"product_tag":[103,101,102,88],"class_list":{"0":"post-4245","1":"product","2":"type-product","3":"status-publish","4":"has-post-thumbnail","6":"product_cat-productos-de-limpieza","7":"product_tag-hidrolavadora","8":"product_tag-hidrolavadora-a-explosion","9":"product_tag-lnw-130","10":"product_tag-niwa","12":"first","13":"instock","14":"shipping-taxable","15":"product-type-simple"},"_links":{"self":[{"href":"http:\/\/smaherramientas.com.ar\/sma\/wp-json\/wp\/v2\/product\/4245","targetHints":{"allow":["GET"]}}],"collection":[{"href":"http:\/\/smaherramientas.com.ar\/sma\/wp-json\/wp\/v2\/product"}],"about":[{"href":"http:\/\/smaherramientas.com.ar\/sma\/wp-json\/wp\/v2\/types\/product"}],"wp:featuredmedia":[{"embeddable":true,"href":"http:\/\/smaherramientas.com.ar\/sma\/wp-json\/wp\/v2\/media\/4246"}],"wp:attachment":[{"href":"http:\/\/smaherramientas.com.ar\/sma\/wp-json\/wp\/v2\/media?parent=4245"}],"wp:term":[{"taxonomy":"product_brand","embeddable":true,"href":"http:\/\/smaherramientas.com.ar\/sma\/wp-json\/wp\/v2\/product_brand?post=4245"},{"taxonomy":"product_cat","embeddable":true,"href":"http:\/\/smaherramientas.com.ar\/sma\/wp-json\/wp\/v2\/product_cat?post=4245"},{"taxonomy":"product_tag","embeddable":true,"href":"http:\/\/smaherramientas.com.ar\/sma\/wp-json\/wp\/v2\/product_tag?post=4245"}],"curies":[{"name":"wp","href":"https:\/\/api.w.org\/{rel}","templated":true}]}}