{"id":4242,"date":"2019-05-28T18:10:11","date_gmt":"2019-05-28T18:10:11","guid":{"rendered":"http:\/\/smaherramientas.com.ar\/sma\/?post_type=product&#038;p=4242"},"modified":"2020-01-16T23:34:29","modified_gmt":"2020-01-16T23:34:29","slug":"soplador-a-bateria-320ib","status":"publish","type":"product","link":"http:\/\/smaherramientas.com.ar\/sma\/producto\/soplador-a-bateria-320ib\/","title":{"rendered":"SOPLADOR A BATER\u00cdA \/  320IB"},"content":{"rendered":"<div class=\"specs\"><strong>Tipo de motor:\u00a0<\/strong>Inducci\u00f3n sin escobillas<\/div>\n<div class=\"specs\"><strong>Potencia (V):<\/strong> 36 V<\/div>\n<div class=\"specs\"><strong>Peso sin Bater\u00eda:<\/strong> 2.4 Kg<\/div>\n<div class=\"specs\"><strong>Nivel de ruido:<\/strong> 80 db<\/div>\n","protected":false},"excerpt":{"rendered":"<p>Silencioso, muy liviano, , con bajo peso y modo crucero. Silencioso, libre de emisiones, ideal para limpieza, residencias, comercios o trabajos en interiores. Tanto para zurdos como diestros se caracteriza por su gran ergonom\u00eda, su performance y bajo peso. intuitivo control para una limpieza mucho mas f\u00e1cil que antes. Cargadores y bater\u00edas no incluidos, vendidos por separado.<\/p>\n","protected":false},"featured_media":4243,"template":"","meta":[],"product_brand":[],"product_cat":[140,199],"product_tag":[100,95,99],"class_list":{"0":"post-4242","1":"product","2":"type-product","3":"status-publish","4":"has-post-thumbnail","6":"product_cat-jardin","7":"product_cat-sopladora","8":"product_tag-320ib","9":"product_tag-husqvarna","10":"product_tag-soplador","12":"first","13":"instock","14":"shipping-taxable","15":"product-type-simple"},"_links":{"self":[{"href":"http:\/\/smaherramientas.com.ar\/sma\/wp-json\/wp\/v2\/product\/4242","targetHints":{"allow":["GET"]}}],"collection":[{"href":"http:\/\/smaherramientas.com.ar\/sma\/wp-json\/wp\/v2\/product"}],"about":[{"href":"http:\/\/smaherramientas.com.ar\/sma\/wp-json\/wp\/v2\/types\/product"}],"wp:featuredmedia":[{"embeddable":true,"href":"http:\/\/smaherramientas.com.ar\/sma\/wp-json\/wp\/v2\/media\/4243"}],"wp:attachment":[{"href":"http:\/\/smaherramientas.com.ar\/sma\/wp-json\/wp\/v2\/media?parent=4242"}],"wp:term":[{"taxonomy":"product_brand","embeddable":true,"href":"http:\/\/smaherramientas.com.ar\/sma\/wp-json\/wp\/v2\/product_brand?post=4242"},{"taxonomy":"product_cat","embeddable":true,"href":"http:\/\/smaherramientas.com.ar\/sma\/wp-json\/wp\/v2\/product_cat?post=4242"},{"taxonomy":"product_tag","embeddable":true,"href":"http:\/\/smaherramientas.com.ar\/sma\/wp-json\/wp\/v2\/product_tag?post=4242"}],"curies":[{"name":"wp","href":"https:\/\/api.w.org\/{rel}","templated":true}]}}