{"id":4281,"date":"2019-06-12T17:46:59","date_gmt":"2019-06-12T17:46:59","guid":{"rendered":"http:\/\/smaherramientas.com.ar\/sma\/?page_id=4281"},"modified":"2019-08-08T14:24:02","modified_gmt":"2019-08-08T14:24:02","slug":"servicios","status":"publish","type":"page","link":"http:\/\/smaherramientas.com.ar\/sma\/servicios\/","title":{"rendered":"Servicios"},"content":{"rendered":"\t\t<div data-elementor-type=\"wp-post\" data-elementor-id=\"4281\" class=\"elementor elementor-4281\">\n\t\t\t\t\t\t<section class=\"elementor-section elementor-top-section elementor-element elementor-element-d939ed8 elementor-section-boxed elementor-section-height-default elementor-section-height-default\" data-id=\"d939ed8\" data-element_type=\"section\" data-e-type=\"section\">\n\t\t\t\t\t\t<div class=\"elementor-container elementor-column-gap-default\">\n\t\t\t\t\t<div class=\"elementor-column elementor-col-100 elementor-top-column elementor-element elementor-element-0c6945d\" data-id=\"0c6945d\" data-element_type=\"column\" data-e-type=\"column\">\n\t\t\t<div class=\"elementor-widget-wrap elementor-element-populated\">\n\t\t\t\t\t\t<div class=\"elementor-element elementor-element-0f397aa elementor-widget elementor-widget-spacer\" data-id=\"0f397aa\" data-element_type=\"widget\" data-e-type=\"widget\" data-widget_type=\"spacer.default\">\n\t\t\t\t<div class=\"elementor-widget-container\">\n\t\t\t\t\t\t\t<div class=\"elementor-spacer\">\n\t\t\t<div class=\"elementor-spacer-inner\"><\/div>\n\t\t<\/div>\n\t\t\t\t\t\t<\/div>\n\t\t\t\t<\/div>\n\t\t\t\t<div class=\"elementor-element elementor-element-2484564 elementor-widget elementor-widget-heading\" data-id=\"2484564\" data-element_type=\"widget\" data-e-type=\"widget\" data-widget_type=\"heading.default\">\n\t\t\t\t<div class=\"elementor-widget-container\">\n\t\t\t\t\t<h1 class=\"elementor-heading-title elementor-size-xl\">RIEGO<\/h1>\t\t\t\t<\/div>\n\t\t\t\t<\/div>\n\t\t\t\t<section class=\"elementor-section elementor-inner-section elementor-element elementor-element-7652950 elementor-section-boxed elementor-section-height-default elementor-section-height-default\" data-id=\"7652950\" data-element_type=\"section\" data-e-type=\"section\">\n\t\t\t\t\t\t<div class=\"elementor-container elementor-column-gap-default\">\n\t\t\t\t\t<div class=\"elementor-column elementor-col-50 elementor-inner-column elementor-element elementor-element-69ff021\" data-id=\"69ff021\" data-element_type=\"column\" data-e-type=\"column\">\n\t\t\t<div class=\"elementor-widget-wrap elementor-element-populated\">\n\t\t\t\t\t\t<div class=\"elementor-element elementor-element-c9fcdda elementor-widget elementor-widget-heading\" data-id=\"c9fcdda\" data-element_type=\"widget\" data-e-type=\"widget\" data-widget_type=\"heading.default\">\n\t\t\t\t<div class=\"elementor-widget-container\">\n\t\t\t\t\t<h5 class=\"elementor-heading-title elementor-size-default\">Jardines<\/h5>\t\t\t\t<\/div>\n\t\t\t\t<\/div>\n\t\t\t\t<div class=\"elementor-element elementor-element-5ceeefc elementor-widget elementor-widget-text-editor\" data-id=\"5ceeefc\" data-element_type=\"widget\" data-e-type=\"widget\" data-widget_type=\"text-editor.default\">\n\t\t\t\t<div class=\"elementor-widget-container\">\n\t\t\t\t\t\t\t\t\t<p>SMA pone a su disposici\u00f3n un equipo de profesionales que le dise\u00f1an e instalan el Sistema de Riego que mejor se adapta a sus necesidades. (Peque\u00f1os jardines, urbanizaciones, campos de Golf, \u00e1reas recreativas, y espacios verdes en general&#8230;).<\/p><p>Disponemos de una amplia gama de materiales para adaptar a los espacios verdes, as\u00ed como de stock, en diferentes programadores, aspersores, difusores, goteros, fuentes, tuber\u00edas, accesorios en general, que le permitir\u00e1n disponer de lo que necesita en cada momento.<\/p>\t\t\t\t\t\t\t\t<\/div>\n\t\t\t\t<\/div>\n\t\t\t\t\t<\/div>\n\t\t<\/div>\n\t\t\t\t<div class=\"elementor-column elementor-col-50 elementor-inner-column elementor-element elementor-element-e1e1644\" data-id=\"e1e1644\" data-element_type=\"column\" data-e-type=\"column\">\n\t\t\t<div class=\"elementor-widget-wrap elementor-element-populated\">\n\t\t\t\t\t\t<div class=\"elementor-element elementor-element-838e33d elementor-widget elementor-widget-heading\" data-id=\"838e33d\" data-element_type=\"widget\" data-e-type=\"widget\" data-widget_type=\"heading.default\">\n\t\t\t\t<div class=\"elementor-widget-container\">\n\t\t\t\t\t<h5 class=\"elementor-heading-title elementor-size-default\">Riego para Campos de Golf y Estadios Deportivos <\/h5>\t\t\t\t<\/div>\n\t\t\t\t<\/div>\n\t\t\t\t<div class=\"elementor-element elementor-element-1b9421b elementor-widget elementor-widget-text-editor\" data-id=\"1b9421b\" data-element_type=\"widget\" data-e-type=\"widget\" data-widget_type=\"text-editor.default\">\n\t\t\t\t<div class=\"elementor-widget-container\">\n\t\t\t\t\t\t\t\t\t<p>Los Sistemas de Riego para \u00e1reas o espacios verdes como Campos de Golf o Estadio de futbol que dise\u00f1a e instala SMA son sistemas de riego automatizables a los que pueden agregarse diversos sensores que optimicen a\u00fan m\u00e1s el consumo de agua (sensores de flujo, sensores de humedad, etc.); y programadores para mejorar el rendimiento, frecuencia y duraci\u00f3n de los riegos.<\/p><p><strong>Aplicaciones y ventajas de su uso en campos de golf y f\u00fatbol:<\/strong><\/p><p>Los Sistemas para Riego de \u00e1reas verdes se pueden instalar en numerosas \u00e1reas en zonas de clima \u00e1rido y semir\u00e1rido como jardines, \u00e1reas recreativas, parques\u2026 as\u00ed como estadios deportivos y campos de golf. Estos sistemas de riego posibilitan grandes ahorros anuales reduciendo la necesidad de efectuar cambios en el c\u00e9sped gracias al crecimiento de las ra\u00edces.<\/p>\t\t\t\t\t\t\t\t<\/div>\n\t\t\t\t<\/div>\n\t\t\t\t\t<\/div>\n\t\t<\/div>\n\t\t\t\t\t<\/div>\n\t\t<\/section>\n\t\t\t\t\t<\/div>\n\t\t<\/div>\n\t\t\t\t\t<\/div>\n\t\t<\/section>\n\t\t\t\t<section class=\"elementor-section elementor-top-section elementor-element elementor-element-91efccd elementor-section-boxed elementor-section-height-default elementor-section-height-default\" data-id=\"91efccd\" data-element_type=\"section\" data-e-type=\"section\">\n\t\t\t\t\t\t<div class=\"elementor-container elementor-column-gap-default\">\n\t\t\t\t\t<div class=\"elementor-column elementor-col-100 elementor-top-column elementor-element elementor-element-a183555\" data-id=\"a183555\" data-element_type=\"column\" data-e-type=\"column\">\n\t\t\t<div class=\"elementor-widget-wrap elementor-element-populated\">\n\t\t\t\t\t\t<div class=\"elementor-element elementor-element-a208c5d elementor-widget-divider--view-line elementor-widget elementor-widget-divider\" data-id=\"a208c5d\" data-element_type=\"widget\" data-e-type=\"widget\" data-widget_type=\"divider.default\">\n\t\t\t\t<div class=\"elementor-widget-container\">\n\t\t\t\t\t\t\t<div class=\"elementor-divider\">\n\t\t\t<span class=\"elementor-divider-separator\">\n\t\t\t\t\t\t<\/span>\n\t\t<\/div>\n\t\t\t\t\t\t<\/div>\n\t\t\t\t<\/div>\n\t\t\t\t\t<\/div>\n\t\t<\/div>\n\t\t\t\t\t<\/div>\n\t\t<\/section>\n\t\t\t\t<section class=\"elementor-section elementor-top-section elementor-element elementor-element-0ffaed6 elementor-section-boxed elementor-section-height-default elementor-section-height-default\" data-id=\"0ffaed6\" data-element_type=\"section\" data-e-type=\"section\">\n\t\t\t\t\t\t<div class=\"elementor-container elementor-column-gap-default\">\n\t\t\t\t\t<div class=\"elementor-column elementor-col-100 elementor-top-column elementor-element elementor-element-95c4bf4\" data-id=\"95c4bf4\" data-element_type=\"column\" data-e-type=\"column\">\n\t\t\t<div class=\"elementor-widget-wrap elementor-element-populated\">\n\t\t\t\t\t\t<div class=\"elementor-element elementor-element-f14891c elementor-widget elementor-widget-heading\" data-id=\"f14891c\" data-element_type=\"widget\" data-e-type=\"widget\" data-widget_type=\"heading.default\">\n\t\t\t\t<div class=\"elementor-widget-container\">\n\t\t\t\t\t<h1 class=\"elementor-heading-title elementor-size-xl\">Servicios Post Venta<\/h1>\t\t\t\t<\/div>\n\t\t\t\t<\/div>\n\t\t\t\t<section class=\"elementor-section elementor-inner-section elementor-element elementor-element-ba2291e elementor-section-boxed elementor-section-height-default elementor-section-height-default\" data-id=\"ba2291e\" data-element_type=\"section\" data-e-type=\"section\">\n\t\t\t\t\t\t<div class=\"elementor-container elementor-column-gap-default\">\n\t\t\t\t\t<div class=\"elementor-column elementor-col-50 elementor-inner-column elementor-element elementor-element-f059110\" data-id=\"f059110\" data-element_type=\"column\" data-e-type=\"column\">\n\t\t\t<div class=\"elementor-widget-wrap elementor-element-populated\">\n\t\t\t\t\t\t<div class=\"elementor-element elementor-element-b4879c3 elementor-widget elementor-widget-image\" data-id=\"b4879c3\" data-element_type=\"widget\" data-e-type=\"widget\" data-widget_type=\"image.default\">\n\t\t\t\t<div class=\"elementor-widget-container\">\n\t\t\t\t\t\t\t\t\t\t\t\t\t\t\t<img fetchpriority=\"high\" decoding=\"async\" width=\"489\" height=\"154\" src=\"http:\/\/smaherramientas.com.ar\/sma\/wp-content\/uploads\/2019\/06\/POSt2.png\" class=\"attachment-full size-full wp-image-4327\" alt=\"\" srcset=\"http:\/\/smaherramientas.com.ar\/sma\/wp-content\/uploads\/2019\/06\/POSt2.png 489w, http:\/\/smaherramientas.com.ar\/sma\/wp-content\/uploads\/2019\/06\/POSt2-300x94.png 300w\" sizes=\"(max-width: 489px) 100vw, 489px\" \/>\t\t\t\t\t\t\t\t\t\t\t\t\t\t\t<\/div>\n\t\t\t\t<\/div>\n\t\t\t\t\t<\/div>\n\t\t<\/div>\n\t\t\t\t<div class=\"elementor-column elementor-col-50 elementor-inner-column elementor-element elementor-element-963cd5a\" data-id=\"963cd5a\" data-element_type=\"column\" data-e-type=\"column\">\n\t\t\t<div class=\"elementor-widget-wrap elementor-element-populated\">\n\t\t\t\t\t\t<div class=\"elementor-element elementor-element-4be0b69 elementor-widget elementor-widget-text-editor\" data-id=\"4be0b69\" data-element_type=\"widget\" data-e-type=\"widget\" data-widget_type=\"text-editor.default\">\n\t\t\t\t<div class=\"elementor-widget-container\">\n\t\t\t\t\t\t\t\t\t<p><strong>Con el objetivo de <\/strong><strong>brindar mayor tranquilidad a <\/strong><strong>\u00a0nuestros clientes<\/strong><strong> y ante la eventual reparaci\u00f3n, mantenimiento o suministro de repuestos originales, siempre es bueno saber que se puede contar con un servicio de post venta. <\/strong><\/p><p><strong>Por ese motivo en SMA ofrecemos servicio t\u00e9cnico oficial de los productos adquiridos.<\/strong><\/p>\t\t\t\t\t\t\t\t<\/div>\n\t\t\t\t<\/div>\n\t\t\t\t\t<\/div>\n\t\t<\/div>\n\t\t\t\t\t<\/div>\n\t\t<\/section>\n\t\t\t\t\t<\/div>\n\t\t<\/div>\n\t\t\t\t\t<\/div>\n\t\t<\/section>\n\t\t\t\t<section class=\"elementor-section elementor-top-section elementor-element elementor-element-938e4d0 elementor-section-stretched elementor-section-full_width elementor-section-height-default elementor-section-height-default\" data-id=\"938e4d0\" data-element_type=\"section\" data-e-type=\"section\" data-settings=\"{&quot;stretch_section&quot;:&quot;section-stretched&quot;}\">\n\t\t\t\t\t\t<div class=\"elementor-container elementor-column-gap-default\">\n\t\t\t\t\t<div class=\"elementor-column elementor-col-100 elementor-top-column elementor-element elementor-element-4cd831e\" data-id=\"4cd831e\" data-element_type=\"column\" data-e-type=\"column\">\n\t\t\t<div class=\"elementor-widget-wrap elementor-element-populated\">\n\t\t\t\t\t\t<div class=\"elementor-element elementor-element-1f0cdeb elementor-widget elementor-widget-image\" data-id=\"1f0cdeb\" data-element_type=\"widget\" data-e-type=\"widget\" data-widget_type=\"image.default\">\n\t\t\t\t<div class=\"elementor-widget-container\">\n\t\t\t\t\t\t\t\t\t\t\t\t\t\t\t<img decoding=\"async\" width=\"1600\" height=\"200\" src=\"http:\/\/smaherramientas.com.ar\/sma\/wp-content\/uploads\/2019\/05\/tira-nosotros.png\" class=\"attachment-full size-full wp-image-4154\" alt=\"\" srcset=\"http:\/\/smaherramientas.com.ar\/sma\/wp-content\/uploads\/2019\/05\/tira-nosotros.png 1600w, http:\/\/smaherramientas.com.ar\/sma\/wp-content\/uploads\/2019\/05\/tira-nosotros-300x38.png 300w, http:\/\/smaherramientas.com.ar\/sma\/wp-content\/uploads\/2019\/05\/tira-nosotros-768x96.png 768w, http:\/\/smaherramientas.com.ar\/sma\/wp-content\/uploads\/2019\/05\/tira-nosotros-1024x128.png 1024w, http:\/\/smaherramientas.com.ar\/sma\/wp-content\/uploads\/2019\/05\/tira-nosotros-600x75.png 600w\" sizes=\"(max-width: 1600px) 100vw, 1600px\" \/>\t\t\t\t\t\t\t\t\t\t\t\t\t\t\t<\/div>\n\t\t\t\t<\/div>\n\t\t\t\t\t<\/div>\n\t\t<\/div>\n\t\t\t\t\t<\/div>\n\t\t<\/section>\n\t\t\t\t<\/div>\n\t\t","protected":false},"excerpt":{"rendered":"<p>RIEGO Jardines SMA pone a su disposici\u00f3n un equipo de profesionales que le dise\u00f1an e instalan el Sistema de Riego que mejor se adapta a sus necesidades. (Peque\u00f1os jardines, urbanizaciones,&#8230;<\/p>\n","protected":false},"author":2,"featured_media":0,"parent":0,"menu_order":0,"comment_status":"closed","ping_status":"closed","template":"","meta":{"footnotes":""},"class_list":["post-4281","page","type-page","status-publish","hentry"],"_links":{"self":[{"href":"http:\/\/smaherramientas.com.ar\/sma\/wp-json\/wp\/v2\/pages\/4281","targetHints":{"allow":["GET"]}}],"collection":[{"href":"http:\/\/smaherramientas.com.ar\/sma\/wp-json\/wp\/v2\/pages"}],"about":[{"href":"http:\/\/smaherramientas.com.ar\/sma\/wp-json\/wp\/v2\/types\/page"}],"author":[{"embeddable":true,"href":"http:\/\/smaherramientas.com.ar\/sma\/wp-json\/wp\/v2\/users\/2"}],"replies":[{"embeddable":true,"href":"http:\/\/smaherramientas.com.ar\/sma\/wp-json\/wp\/v2\/comments?post=4281"}],"version-history":[{"count":44,"href":"http:\/\/smaherramientas.com.ar\/sma\/wp-json\/wp\/v2\/pages\/4281\/revisions"}],"predecessor-version":[{"id":4461,"href":"http:\/\/smaherramientas.com.ar\/sma\/wp-json\/wp\/v2\/pages\/4281\/revisions\/4461"}],"wp:attachment":[{"href":"http:\/\/smaherramientas.com.ar\/sma\/wp-json\/wp\/v2\/media?parent=4281"}],"curies":[{"name":"wp","href":"https:\/\/api.w.org\/{rel}","templated":true}]}}