{"id":3989,"date":"2019-05-06T17:06:58","date_gmt":"2019-05-06T17:06:58","guid":{"rendered":"http:\/\/smaherramientas.com.ar\/sma\/?page_id=3989"},"modified":"2019-10-30T21:49:24","modified_gmt":"2019-10-30T21:49:24","slug":"nosotros","status":"publish","type":"page","link":"http:\/\/smaherramientas.com.ar\/sma\/nosotros\/","title":{"rendered":"Nosotros"},"content":{"rendered":"\t\t<div data-elementor-type=\"wp-post\" data-elementor-id=\"3989\" class=\"elementor elementor-3989\">\n\t\t\t\t\t\t<section class=\"elementor-section elementor-top-section elementor-element elementor-element-4ee6ddb elementor-section-boxed elementor-section-height-default elementor-section-height-default\" data-id=\"4ee6ddb\" data-element_type=\"section\" data-e-type=\"section\">\n\t\t\t\t\t\t<div class=\"elementor-container elementor-column-gap-default\">\n\t\t\t\t\t<div class=\"elementor-column elementor-col-100 elementor-top-column elementor-element elementor-element-5f72e0e\" data-id=\"5f72e0e\" data-element_type=\"column\" data-e-type=\"column\">\n\t\t\t<div class=\"elementor-widget-wrap elementor-element-populated\">\n\t\t\t\t\t\t<div class=\"elementor-element elementor-element-ca1a5b4 elementor-widget-divider--view-line elementor-widget elementor-widget-divider\" data-id=\"ca1a5b4\" data-element_type=\"widget\" data-e-type=\"widget\" data-widget_type=\"divider.default\">\n\t\t\t\t<div class=\"elementor-widget-container\">\n\t\t\t\t\t\t\t<div class=\"elementor-divider\">\n\t\t\t<span class=\"elementor-divider-separator\">\n\t\t\t\t\t\t<\/span>\n\t\t<\/div>\n\t\t\t\t\t\t<\/div>\n\t\t\t\t<\/div>\n\t\t\t\t<div class=\"elementor-element elementor-element-7974bd8 elementor-widget elementor-widget-text-editor\" data-id=\"7974bd8\" data-element_type=\"widget\" data-e-type=\"widget\" data-widget_type=\"text-editor.default\">\n\t\t\t\t<div class=\"elementor-widget-container\">\n\t\t\t\t\t\t\t\t\t<p>SMA Herramientas\u00a0 es una empresa que cuenta con infraestructura propia, de tal forma asumimos el compromiso de brindar el m\u00e1s completo servicio, adem\u00e1s de nuestra responsabilidad mec\u00e1nica.<\/p><p>En SMA le brindamos servicios que cumplen con la m\u00e1s alta tecnolog\u00eda y por sobre todo, la experiencia de nuestros profesionales,\u00a0garantizando un mayor respaldo a nuestros clientes.<\/p><p>SMA reafirma su vocaci\u00f3n de servicio en cada etapa de la vida de sus herramientas, con calidad y responsabilidad, es nuestro deseo que usted reciba la calidez en el trato y el profesionalismo que espera y se merece.<\/p>\t\t\t\t\t\t\t\t<\/div>\n\t\t\t\t<\/div>\n\t\t\t\t<div class=\"elementor-element elementor-element-03f16c2 elementor-widget elementor-widget-spacer\" data-id=\"03f16c2\" data-element_type=\"widget\" data-e-type=\"widget\" data-widget_type=\"spacer.default\">\n\t\t\t\t<div class=\"elementor-widget-container\">\n\t\t\t\t\t\t\t<div class=\"elementor-spacer\">\n\t\t\t<div class=\"elementor-spacer-inner\"><\/div>\n\t\t<\/div>\n\t\t\t\t\t\t<\/div>\n\t\t\t\t<\/div>\n\t\t\t\t<section class=\"elementor-section elementor-inner-section elementor-element elementor-element-97d6846 elementor-section-boxed elementor-section-height-default elementor-section-height-default\" data-id=\"97d6846\" data-element_type=\"section\" data-e-type=\"section\">\n\t\t\t\t\t\t<div class=\"elementor-container elementor-column-gap-default\">\n\t\t\t\t\t<div class=\"elementor-column elementor-col-50 elementor-inner-column elementor-element elementor-element-1c3d78f\" data-id=\"1c3d78f\" data-element_type=\"column\" data-e-type=\"column\">\n\t\t\t<div class=\"elementor-widget-wrap elementor-element-populated\">\n\t\t\t\t\t\t<div class=\"elementor-element elementor-element-23752da elementor-widget elementor-widget-image\" data-id=\"23752da\" data-element_type=\"widget\" data-e-type=\"widget\" data-widget_type=\"image.default\">\n\t\t\t\t<div class=\"elementor-widget-container\">\n\t\t\t\t\t\t\t\t\t\t\t\t\t\t\t<img fetchpriority=\"high\" decoding=\"async\" width=\"350\" height=\"200\" src=\"http:\/\/smaherramientas.com.ar\/sma\/wp-content\/uploads\/2019\/05\/nos-01.png\" class=\"attachment-full size-full wp-image-4140\" alt=\"\" srcset=\"http:\/\/smaherramientas.com.ar\/sma\/wp-content\/uploads\/2019\/05\/nos-01.png 350w, http:\/\/smaherramientas.com.ar\/sma\/wp-content\/uploads\/2019\/05\/nos-01-300x171.png 300w\" sizes=\"(max-width: 350px) 100vw, 350px\" \/>\t\t\t\t\t\t\t\t\t\t\t\t\t\t\t<\/div>\n\t\t\t\t<\/div>\n\t\t\t\t\t<\/div>\n\t\t<\/div>\n\t\t\t\t<div class=\"elementor-column elementor-col-50 elementor-inner-column elementor-element elementor-element-d229db3\" data-id=\"d229db3\" data-element_type=\"column\" data-e-type=\"column\">\n\t\t\t<div class=\"elementor-widget-wrap elementor-element-populated\">\n\t\t\t\t\t\t<div class=\"elementor-element elementor-element-b614381 elementor-widget elementor-widget-text-editor\" data-id=\"b614381\" data-element_type=\"widget\" data-e-type=\"widget\" data-widget_type=\"text-editor.default\">\n\t\t\t\t<div class=\"elementor-widget-container\">\n\t\t\t\t\t\t\t\t\t<p><strong>Nuestra MISI\u00d3N<\/strong><\/p><p>SMA tiene como prioridad ser una empresa reconocida socialmente, fundada en normas pr\u00e1cticas, con la capacidad de innovaci\u00f3n y aprendizaje, orientadas a satisfacer las exigencias de nuestros clientes.<\/p>\t\t\t\t\t\t\t\t<\/div>\n\t\t\t\t<\/div>\n\t\t\t\t\t<\/div>\n\t\t<\/div>\n\t\t\t\t\t<\/div>\n\t\t<\/section>\n\t\t\t\t<section class=\"elementor-section elementor-inner-section elementor-element elementor-element-b47bb63 elementor-section-boxed elementor-section-height-default elementor-section-height-default\" data-id=\"b47bb63\" data-element_type=\"section\" data-e-type=\"section\">\n\t\t\t\t\t\t<div class=\"elementor-container elementor-column-gap-default\">\n\t\t\t\t\t<div class=\"elementor-column elementor-col-50 elementor-inner-column elementor-element elementor-element-3f3faeb\" data-id=\"3f3faeb\" data-element_type=\"column\" data-e-type=\"column\">\n\t\t\t<div class=\"elementor-widget-wrap elementor-element-populated\">\n\t\t\t\t\t\t<div class=\"elementor-element elementor-element-fe51e50 elementor-widget elementor-widget-image\" data-id=\"fe51e50\" data-element_type=\"widget\" data-e-type=\"widget\" data-widget_type=\"image.default\">\n\t\t\t\t<div class=\"elementor-widget-container\">\n\t\t\t\t\t\t\t\t\t\t\t\t\t\t\t<img decoding=\"async\" width=\"350\" height=\"200\" src=\"http:\/\/smaherramientas.com.ar\/sma\/wp-content\/uploads\/2019\/05\/nos-02.png\" class=\"attachment-full size-full wp-image-4144\" alt=\"\" srcset=\"http:\/\/smaherramientas.com.ar\/sma\/wp-content\/uploads\/2019\/05\/nos-02.png 350w, http:\/\/smaherramientas.com.ar\/sma\/wp-content\/uploads\/2019\/05\/nos-02-300x171.png 300w\" sizes=\"(max-width: 350px) 100vw, 350px\" \/>\t\t\t\t\t\t\t\t\t\t\t\t\t\t\t<\/div>\n\t\t\t\t<\/div>\n\t\t\t\t\t<\/div>\n\t\t<\/div>\n\t\t\t\t<div class=\"elementor-column elementor-col-50 elementor-inner-column elementor-element elementor-element-6be58c4\" data-id=\"6be58c4\" data-element_type=\"column\" data-e-type=\"column\">\n\t\t\t<div class=\"elementor-widget-wrap elementor-element-populated\">\n\t\t\t\t\t\t<div class=\"elementor-element elementor-element-292143b elementor-widget elementor-widget-text-editor\" data-id=\"292143b\" data-element_type=\"widget\" data-e-type=\"widget\" data-widget_type=\"text-editor.default\">\n\t\t\t\t<div class=\"elementor-widget-container\">\n\t\t\t\t\t\t\t\t\t<p><strong>Nuestra VISI\u00d3N<\/strong><\/p><p>Representa el prop\u00f3sito estrat\u00e9gico m\u00e1s acabado, el ideal como organizaci\u00f3n para lograr su cumplimiento, tratando de motivar a los miembros de la estructura a convertir la imagen en realidad. As\u00ed construimos los valores \u00e9ticos necesarios para impulsar el liderazgo, para ubicar esta empresa en el escenario del futuro, con actitud de crecimiento y eficiencia.<\/p>\t\t\t\t\t\t\t\t<\/div>\n\t\t\t\t<\/div>\n\t\t\t\t\t<\/div>\n\t\t<\/div>\n\t\t\t\t\t<\/div>\n\t\t<\/section>\n\t\t\t\t\t<\/div>\n\t\t<\/div>\n\t\t\t\t\t<\/div>\n\t\t<\/section>\n\t\t\t\t<section class=\"elementor-section elementor-top-section elementor-element elementor-element-88a5058 elementor-section-stretched elementor-section-full_width elementor-section-height-default elementor-section-height-default\" data-id=\"88a5058\" data-element_type=\"section\" data-e-type=\"section\" data-settings=\"{&quot;stretch_section&quot;:&quot;section-stretched&quot;}\">\n\t\t\t\t\t\t<div class=\"elementor-container elementor-column-gap-default\">\n\t\t\t\t\t<div class=\"elementor-column elementor-col-100 elementor-top-column elementor-element elementor-element-5d486a6\" data-id=\"5d486a6\" data-element_type=\"column\" data-e-type=\"column\">\n\t\t\t<div class=\"elementor-widget-wrap elementor-element-populated\">\n\t\t\t\t\t\t<div class=\"elementor-element elementor-element-1e6c053 elementor-widget elementor-widget-spacer\" data-id=\"1e6c053\" data-element_type=\"widget\" data-e-type=\"widget\" data-widget_type=\"spacer.default\">\n\t\t\t\t<div class=\"elementor-widget-container\">\n\t\t\t\t\t\t\t<div class=\"elementor-spacer\">\n\t\t\t<div class=\"elementor-spacer-inner\"><\/div>\n\t\t<\/div>\n\t\t\t\t\t\t<\/div>\n\t\t\t\t<\/div>\n\t\t\t\t<div class=\"elementor-element elementor-element-5085c2a elementor-widget elementor-widget-image\" data-id=\"5085c2a\" data-element_type=\"widget\" data-e-type=\"widget\" data-widget_type=\"image.default\">\n\t\t\t\t<div class=\"elementor-widget-container\">\n\t\t\t\t\t\t\t\t\t\t\t\t\t\t\t<img decoding=\"async\" width=\"1600\" height=\"200\" src=\"http:\/\/smaherramientas.com.ar\/sma\/wp-content\/uploads\/2019\/05\/tira-nosotros.png\" class=\"attachment-full size-full wp-image-4154\" alt=\"\" srcset=\"http:\/\/smaherramientas.com.ar\/sma\/wp-content\/uploads\/2019\/05\/tira-nosotros.png 1600w, http:\/\/smaherramientas.com.ar\/sma\/wp-content\/uploads\/2019\/05\/tira-nosotros-300x38.png 300w, http:\/\/smaherramientas.com.ar\/sma\/wp-content\/uploads\/2019\/05\/tira-nosotros-768x96.png 768w, http:\/\/smaherramientas.com.ar\/sma\/wp-content\/uploads\/2019\/05\/tira-nosotros-1024x128.png 1024w, http:\/\/smaherramientas.com.ar\/sma\/wp-content\/uploads\/2019\/05\/tira-nosotros-600x75.png 600w\" sizes=\"(max-width: 1600px) 100vw, 1600px\" \/>\t\t\t\t\t\t\t\t\t\t\t\t\t\t\t<\/div>\n\t\t\t\t<\/div>\n\t\t\t\t\t<\/div>\n\t\t<\/div>\n\t\t\t\t\t<\/div>\n\t\t<\/section>\n\t\t\t\t<\/div>\n\t\t","protected":false},"excerpt":{"rendered":"<p>SMA Herramientas\u00a0 es una empresa que cuenta con infraestructura propia, de tal forma asumimos el compromiso de brindar el m\u00e1s completo servicio, adem\u00e1s de nuestra responsabilidad mec\u00e1nica. En SMA le&#8230;<\/p>\n","protected":false},"author":2,"featured_media":0,"parent":0,"menu_order":0,"comment_status":"closed","ping_status":"closed","template":"","meta":{"footnotes":""},"class_list":["post-3989","page","type-page","status-publish","hentry"],"_links":{"self":[{"href":"http:\/\/smaherramientas.com.ar\/sma\/wp-json\/wp\/v2\/pages\/3989","targetHints":{"allow":["GET"]}}],"collection":[{"href":"http:\/\/smaherramientas.com.ar\/sma\/wp-json\/wp\/v2\/pages"}],"about":[{"href":"http:\/\/smaherramientas.com.ar\/sma\/wp-json\/wp\/v2\/types\/page"}],"author":[{"embeddable":true,"href":"http:\/\/smaherramientas.com.ar\/sma\/wp-json\/wp\/v2\/users\/2"}],"replies":[{"embeddable":true,"href":"http:\/\/smaherramientas.com.ar\/sma\/wp-json\/wp\/v2\/comments?post=3989"}],"version-history":[{"count":32,"href":"http:\/\/smaherramientas.com.ar\/sma\/wp-json\/wp\/v2\/pages\/3989\/revisions"}],"predecessor-version":[{"id":4622,"href":"http:\/\/smaherramientas.com.ar\/sma\/wp-json\/wp\/v2\/pages\/3989\/revisions\/4622"}],"wp:attachment":[{"href":"http:\/\/smaherramientas.com.ar\/sma\/wp-json\/wp\/v2\/media?parent=3989"}],"curies":[{"name":"wp","href":"https:\/\/api.w.org\/{rel}","templated":true}]}}